{"id":1938,"date":"2026-03-08T22:04:54","date_gmt":"2026-03-08T21:04:54","guid":{"rendered":"https:\/\/www.bractwo.krakowpodgorze.zhp.pl\/?page_id=1938"},"modified":"2026-03-08T22:04:54","modified_gmt":"2026-03-08T21:04:54","slug":"zespoly-zdh","status":"publish","type":"page","link":"http:\/\/www.bractwo.krakowpodgorze.zhp.pl\/index.php\/zespoly-zdh\/","title":{"rendered":"Zespo\u0142y ZDH"},"content":{"rendered":"\n<figure class=\"wp-block-table is-style-stripes\"><table><thead><tr><th>FUNKCJA<\/th><th>FUNKCYJNY\/A<\/th><\/tr><\/thead><tbody><tr><td><strong>Kwatermistrz Zwi\u0105zku Dru\u017cyn<\/strong>, <br><strong>Szef zespo\u0142u kwatermistrzowskiego<\/strong><\/td><td>\u0107w. Micha\u0142 \u017b\u0105d\u0142o<\/td><\/tr><tr><td><strong>Szef zespo\u0142u ds. wizerunku <\/strong>&#8222;Bractwa&#8221;<\/td><td>dh. Jan Pipa\u0142a<\/td><\/tr><tr><td><strong><strong>Cz\u0142onek zespo\u0142u ds. <\/strong>wizerunku<\/strong><\/td><td>dh. Filip Krochmal<\/td><\/tr><tr><td><strong>Cz\u0142onek <strong><strong>zespo\u0142u ds. <\/strong>wizerunku<\/strong><\/strong><\/td><td>dh. Antoni Atanassow<\/td><\/tr><tr><td><strong><strong>Cz\u0142onek zespo\u0142u kwatermistrzowskiego<\/strong><\/strong><\/td><td>wyw. Krzysztof Skupniewicz<\/td><\/tr><tr><td><strong>Cz\u0142onek zespo\u0142u <strong>kwatermistrzowskiego<\/strong><\/strong><\/td><td>dh. Ignacy Wilk<\/td><\/tr><\/tbody><\/table><\/figure>\n\n\n\n<p><\/p>\n","protected":false},"excerpt":{"rendered":"<p>FUNKCJA FUNKCYJNY\/A Kwatermistrz Zwi\u0105zku Dru\u017cyn, Szef zespo\u0142u kwatermistrzowskiego \u0107w. Micha\u0142 \u017b\u0105d\u0142o Szef zespo\u0142u ds. wizerunku &#8222;Bractwa&#8221; dh. Jan Pipa\u0142a Cz\u0142onek zespo\u0142u ds. wizerunku dh. Filip Krochmal Cz\u0142onek zespo\u0142u ds. wizerunku dh. Antoni Atanassow Cz\u0142onek zespo\u0142u kwatermistrzowskiego wyw. Krzysztof Skupniewicz Cz\u0142onek zespo\u0142u kwatermistrzowskiego dh. Ignacy Wilk<\/p>\n","protected":false},"author":10,"featured_media":0,"parent":0,"menu_order":0,"comment_status":"closed","ping_status":"closed","template":"","meta":{"footnotes":""},"class_list":["post-1938","page","type-page","status-publish","hentry"],"_links":{"self":[{"href":"http:\/\/www.bractwo.krakowpodgorze.zhp.pl\/index.php\/wp-json\/wp\/v2\/pages\/1938","targetHints":{"allow":["GET"]}}],"collection":[{"href":"http:\/\/www.bractwo.krakowpodgorze.zhp.pl\/index.php\/wp-json\/wp\/v2\/pages"}],"about":[{"href":"http:\/\/www.bractwo.krakowpodgorze.zhp.pl\/index.php\/wp-json\/wp\/v2\/types\/page"}],"author":[{"embeddable":true,"href":"http:\/\/www.bractwo.krakowpodgorze.zhp.pl\/index.php\/wp-json\/wp\/v2\/users\/10"}],"replies":[{"embeddable":true,"href":"http:\/\/www.bractwo.krakowpodgorze.zhp.pl\/index.php\/wp-json\/wp\/v2\/comments?post=1938"}],"version-history":[{"count":1,"href":"http:\/\/www.bractwo.krakowpodgorze.zhp.pl\/index.php\/wp-json\/wp\/v2\/pages\/1938\/revisions"}],"predecessor-version":[{"id":1939,"href":"http:\/\/www.bractwo.krakowpodgorze.zhp.pl\/index.php\/wp-json\/wp\/v2\/pages\/1938\/revisions\/1939"}],"wp:attachment":[{"href":"http:\/\/www.bractwo.krakowpodgorze.zhp.pl\/index.php\/wp-json\/wp\/v2\/media?parent=1938"}],"curies":[{"name":"wp","href":"https:\/\/api.w.org\/{rel}","templated":true}]}}