{"id":1955,"date":"2026-04-16T17:05:03","date_gmt":"2026-04-16T15:05:03","guid":{"rendered":"https:\/\/www.bractwo.krakowpodgorze.zhp.pl\/?page_id=1955"},"modified":"2026-04-18T16:49:31","modified_gmt":"2026-04-18T14:49:31","slug":"oboz-2026","status":"publish","type":"page","link":"http:\/\/www.bractwo.krakowpodgorze.zhp.pl\/index.php\/oboz-2026\/","title":{"rendered":"Ob\u00f3z 2026"},"content":{"rendered":"\n<p>Przekazujemy informacje, na kt\u00f3re d\u0142ugo czekali\u015bmy. Znamy ju\u017c wszystkie szczeg\u00f3\u0142y dotycz\u0105ce tegorocznego obozu. W tym roku stawiamy na sprawdzone miejsce, poniewa\u017c wracamy do Siemian, gdzie ob\u00f3z odby\u0142 si\u0119 r\u00f3wnie\u017c w 2023 roku. Le\u015bny charakter bazy obozowej i jej po\u0142o\u017cenie sprawi\u0142y, \u017ce powr\u00f3t wydawa\u0142 si\u0119 oczywisty.<\/p>\n\n\n\n<p>Baza obozowa znajduje si\u0119 nad Jeziorakiem, jednym z najbardziej malowniczych jezior w Polsce. Okolica zachwyca puszcza\u0144skim klimatem, dzik\u0105 przyrod\u0105 i g\u0119stymi lasami. To przestrze\u0144 sprzyjaj\u0105ca obozowemu \u017cyciu, realizacji zaj\u0119\u0107 oraz r\u00f3\u017cnorodnych aktywno\u015bci \u2014 tak\u017ce tych nad wod\u0105, jak kajaki, \u017cagl\u00f3wki czy korzystanie z k\u0105pieliska. To r\u00f3wnie\u017c miejsce idealne na w\u0119dr\u00f3wki i spokojne wieczory przy ognisku, gdy jezioro i las tworz\u0105 wyj\u0105tkowy nastr\u00f3j.<\/p>\n\n\n\n<p>To wszystko buduje atmosfer\u0119, do kt\u00f3rej wracamy z przyjemno\u015bci\u0105.<\/p>\n\n\n\n<figure class=\"wp-block-image size-large has-custom-border\"><a href=\"http:\/\/www.bractwo.krakowpodgorze.zhp.pl\/wp-content\/uploads\/2015\/06\/1-5-z-51.jpg\"><img loading=\"lazy\" decoding=\"async\" width=\"1024\" height=\"684\" src=\"http:\/\/www.bractwo.krakowpodgorze.zhp.pl\/wp-content\/uploads\/2015\/06\/1-5-z-51-1024x684.jpg\" alt=\"\" class=\"wp-image-384\" style=\"border-style:none;border-width:0%;border-top-left-radius:30px;border-top-right-radius:30px;border-bottom-left-radius:30px;border-bottom-right-radius:30px\" srcset=\"http:\/\/www.bractwo.krakowpodgorze.zhp.pl\/wp-content\/uploads\/2015\/06\/1-5-z-51-1024x684.jpg 1024w, http:\/\/www.bractwo.krakowpodgorze.zhp.pl\/wp-content\/uploads\/2015\/06\/1-5-z-51-300x200.jpg 300w, http:\/\/www.bractwo.krakowpodgorze.zhp.pl\/wp-content\/uploads\/2015\/06\/1-5-z-51.jpg 2000w\" sizes=\"auto, (max-width: 1024px) 100vw, 1024px\" \/><\/a><\/figure>\n\n\n\n<h2 class=\"wp-block-heading\">Gdzie?<\/h2>\n\n\n\n<p>Harcerska Baza Obozowa <a href=\"http:\/\/kwidzyn.zhp.pl\/hbo-siemiany\/\">Siemiany<\/a><\/p>\n\n\n\n<h2 class=\"wp-block-heading\">Kiedy?<\/h2>\n\n\n\n<p>01.08.2026 do 16.08.2026 &#8211; Harcerze i Harcerze Starsi<br>08.08.2026 do 16.08.2026 &#8211; Zuchy<\/p>\n\n\n\n<p>Wyjazdy s\u0105 w pi\u0105tki w godzinach p\u00f3\u017ano wieczornych<\/p>\n\n\n\n<h2 class=\"wp-block-heading\">Koszt<\/h2>\n\n\n\n<p>2300 z\u0142 &#8211; Harcerze i Harcerze Starsi<br>1300 z\u0142 &#8211; Zuchy<\/p>\n\n\n\n<p>Jest mo\u017cliwo\u015b\u0107 skorzystania z 10% zni\u017cki dla os\u00f3b posiadaj\u0105cych Krakowsk\u0105 Kart\u0119 Du\u017cej Rodziny.<\/p>\n\n\n\n<figure class=\"wp-block-image size-large has-custom-border\"><a href=\"http:\/\/www.bractwo.krakowpodgorze.zhp.pl\/wp-content\/uploads\/2015\/06\/ksw.jpg\"><img loading=\"lazy\" decoding=\"async\" width=\"1024\" height=\"439\" src=\"http:\/\/www.bractwo.krakowpodgorze.zhp.pl\/wp-content\/uploads\/2015\/06\/ksw-1024x439.jpg\" alt=\"\" class=\"wp-image-410\" style=\"border-top-left-radius:39px;border-top-right-radius:39px;border-bottom-left-radius:39px;border-bottom-right-radius:39px\" srcset=\"http:\/\/www.bractwo.krakowpodgorze.zhp.pl\/wp-content\/uploads\/2015\/06\/ksw-1024x439.jpg 1024w, http:\/\/www.bractwo.krakowpodgorze.zhp.pl\/wp-content\/uploads\/2015\/06\/ksw-300x129.jpg 300w, http:\/\/www.bractwo.krakowpodgorze.zhp.pl\/wp-content\/uploads\/2015\/06\/ksw.jpg 1680w\" sizes=\"auto, (max-width: 1024px) 100vw, 1024px\" \/><\/a><\/figure>\n\n\n\n<h2 class=\"wp-block-heading\">Zg\u0142oszenia:<\/h2>\n\n\n\n<div class=\"wp-block-buttons is-content-justification-center is-layout-flex wp-container-core-buttons-is-layout-a89b3969 wp-block-buttons-is-layout-flex\">\n<div class=\"wp-block-button has-custom-width wp-block-button__width-100 is-style-fill\"><a class=\"wp-block-button__link has-text-align-center wp-element-button\" href=\"http:\/\/forms.office.com\/pages\/responsepage.aspx?id=Ho024XU55kyJPfw1H9RNzTLj8MqnOMFJu8ZLRQJuoNNURUdSVUJTUDFRSjRNM0FUQ0FUVkRYTVFEUC4u&amp;route=shorturl\">FORMULARZ ZG\u0141OSZENIOWY<\/a><\/div>\n<\/div>\n\n\n\n<h2 class=\"wp-block-heading\">Terminarz: <\/h2>\n\n\n\n<ul class=\"wp-block-list\">\n<li>15.04 &#8211; rozpocz\u0119cie zg\u0142osze\u0144<\/li>\n\n\n\n<li>22.04 &#8211; zako\u0144czenie zg\u0142osze\u0144 <\/li>\n\n\n\n<li>24.04 &#8211; informacja mailem o zakwalifikowaniu, szczeg\u00f3\u0142y do wp\u0142at <\/li>\n\n\n\n<li>24.04 &#8211; 08.05 &#8211; Termin wp\u0142acenia 1 raty (800z\u0142 bezzwrotnej zaliczki)<\/li>\n\n\n\n<li>11.05 &#8211; rozliczenie wydawania kart kwalifikacyjnych<\/li>\n\n\n\n<li>31.05 &#8211; oddawanie kart kwalifikacyjnych <\/li>\n\n\n\n<li>31.05 &#8211; 12.06 &#8211; wp\u0142ata 2 raty <br>&#8211; Harcerze 1500z\u0142 (1270z\u0142 KK3+ KN)<br>&#8211; Zuchy 500z\u0142 (370z\u0142 KK3+ KN)<\/li>\n<\/ul>\n\n\n\n<h2 class=\"wp-block-heading\">Kontakt<\/h2>\n\n\n\n<p>Komendantem obozu jest <strong>phm. Kamil Sagan<\/strong> z 9 Szczepu &#8222;Uroczysko&#8221;. W razie pyta\u0144 mo\u017cna kontaktowa\u0107 si\u0119 mailowo:  <strong>kamil.sagan@zhp.net.pl<\/strong><\/p>\n\n\n\n<p><\/p>\n\n\n\n<h2 class=\"wp-block-heading\">Pliki:<\/h2>\n\n\n\n<div data-wp-interactive=\"core\/file\" class=\"wp-block-file\"><object data-wp-bind--hidden=\"!state.hasPdfPreview\" hidden class=\"wp-block-file__embed\" data=\"https:\/\/www.bractwo.krakowpodgorze.zhp.pl\/wp-content\/uploads\/2026\/04\/Warunki-uczestnictwa-1.pdf\" type=\"application\/pdf\" style=\"width:100%;height:410px\" aria-label=\"Osadzone z Warunki uczestnictwa.\"><\/object><a id=\"wp-block-file--media-833154a1-032d-4758-aa33-e53a3b633476\" href=\"https:\/\/www.bractwo.krakowpodgorze.zhp.pl\/wp-content\/uploads\/2026\/04\/Warunki-uczestnictwa-1.pdf\">Warunki uczestnictwa<\/a><a href=\"https:\/\/www.bractwo.krakowpodgorze.zhp.pl\/wp-content\/uploads\/2026\/04\/Warunki-uczestnictwa-1.pdf\" class=\"wp-block-file__button wp-element-button\" download aria-describedby=\"wp-block-file--media-833154a1-032d-4758-aa33-e53a3b633476\">Pobierz<\/a><\/div>\n\n\n\n<p><\/p>\n","protected":false},"excerpt":{"rendered":"<p>Przekazujemy informacje, na kt\u00f3re d\u0142ugo czekali\u015bmy. Znamy ju\u017c wszystkie szczeg\u00f3\u0142y dotycz\u0105ce tegorocznego obozu. W tym roku stawiamy na sprawdzone miejsce, poniewa\u017c wracamy do Siemian, gdzie ob\u00f3z odby\u0142 si\u0119 r\u00f3wnie\u017c w 2023 roku. Le\u015bny charakter bazy obozowej i jej po\u0142o\u017cenie sprawi\u0142y, \u017ce powr\u00f3t wydawa\u0142 si\u0119 oczywisty. Baza obozowa znajduje si\u0119 nad Jeziorakiem, jednym z najbardziej malowniczych [&hellip;]<\/p>\n","protected":false},"author":10,"featured_media":0,"parent":0,"menu_order":0,"comment_status":"closed","ping_status":"closed","template":"","meta":{"footnotes":""},"class_list":["post-1955","page","type-page","status-publish","hentry"],"_links":{"self":[{"href":"http:\/\/www.bractwo.krakowpodgorze.zhp.pl\/index.php\/wp-json\/wp\/v2\/pages\/1955","targetHints":{"allow":["GET"]}}],"collection":[{"href":"http:\/\/www.bractwo.krakowpodgorze.zhp.pl\/index.php\/wp-json\/wp\/v2\/pages"}],"about":[{"href":"http:\/\/www.bractwo.krakowpodgorze.zhp.pl\/index.php\/wp-json\/wp\/v2\/types\/page"}],"author":[{"embeddable":true,"href":"http:\/\/www.bractwo.krakowpodgorze.zhp.pl\/index.php\/wp-json\/wp\/v2\/users\/10"}],"replies":[{"embeddable":true,"href":"http:\/\/www.bractwo.krakowpodgorze.zhp.pl\/index.php\/wp-json\/wp\/v2\/comments?post=1955"}],"version-history":[{"count":17,"href":"http:\/\/www.bractwo.krakowpodgorze.zhp.pl\/index.php\/wp-json\/wp\/v2\/pages\/1955\/revisions"}],"predecessor-version":[{"id":1980,"href":"http:\/\/www.bractwo.krakowpodgorze.zhp.pl\/index.php\/wp-json\/wp\/v2\/pages\/1955\/revisions\/1980"}],"wp:attachment":[{"href":"http:\/\/www.bractwo.krakowpodgorze.zhp.pl\/index.php\/wp-json\/wp\/v2\/media?parent=1955"}],"curies":[{"name":"wp","href":"https:\/\/api.w.org\/{rel}","templated":true}]}}