{"id":6,"date":"2015-04-18T13:53:47","date_gmt":"2015-04-18T11:53:47","guid":{"rendered":"http:\/\/localhost\/wordpress\/?page_id=4"},"modified":"2025-11-09T21:55:59","modified_gmt":"2025-11-09T20:55:59","slug":"news","status":"publish","type":"page","link":"http:\/\/www.bractwo.krakowpodgorze.zhp.pl\/","title":{"rendered":""},"content":{"rendered":"\n<div class=\"wp-block-cover alignfull has-parallax wp-duotone-dark-grayscale\" style=\"margin-top:0;padding-top:4vw;padding-right:4vw;padding-bottom:4vw;padding-left:4vw;min-height:50vh;aspect-ratio:unset;\"><div class=\"wp-block-cover__image-background wp-image-1052 size-full has-parallax\" style=\"background-position:50% 50%;background-image:url(http:\/\/www.bractwo.krakowpodgorze.zhp.pl\/wp-content\/uploads\/2019\/09\/IMG_2493.jpg)\"><\/div><span aria-hidden=\"true\" class=\"wp-block-cover__background has-background-dim-80 has-background-dim\" style=\"background-color:#915000\"><\/span><div class=\"wp-block-cover__inner-container is-layout-flow wp-block-cover-is-layout-flow\">\n<div class=\"wp-block-group is-layout-flow wp-container-core-group-is-layout-d6743c7d wp-block-group-is-layout-flow\">\n<p class=\"has-text-align-center has-base-color has-text-color\" style=\"font-size:clamp(72.137px, 4.509rem + ((1vw - 3.2px) * 9.984), 160px);font-style:normal;font-weight:700;letter-spacing:-2px;line-height:0.9;text-transform:uppercase\">Do\u0142\u0105cz<\/p>\n\n\n\n<p class=\"has-text-align-center has-base-color has-text-color\" style=\"font-size:clamp(72.137px, 4.509rem + ((1vw - 3.2px) * 9.984), 160px);font-style:normal;font-weight:700;letter-spacing:-2px;line-height:0.9;text-transform:uppercase\">DO NAS!<\/p>\n\n\n\n<figure class=\"wp-block-image aligncenter size-medium is-resized has-custom-border is-style-rounded wp-duotone-unset-1\" style=\"margin-top:var(--wp--preset--spacing--30);margin-bottom:var(--wp--preset--spacing--30)\"><a href=\"https:\/\/www.bractwo.krakowpodgorze.zhp.pl\/wp-content\/uploads\/2025\/11\/arrow-down-1-svgrepo-com.png\"><img loading=\"lazy\" decoding=\"async\" width=\"300\" height=\"300\" src=\"https:\/\/www.bractwo.krakowpodgorze.zhp.pl\/wp-content\/uploads\/2025\/11\/arrow-down-1-svgrepo-com-300x300.png\" alt=\"\" class=\"wp-image-1907\" style=\"border-style:none;border-width:0px;border-radius:0px;aspect-ratio:1;object-fit:contain;width:176px\" srcset=\"http:\/\/www.bractwo.krakowpodgorze.zhp.pl\/wp-content\/uploads\/2025\/11\/arrow-down-1-svgrepo-com-300x300.png 300w, http:\/\/www.bractwo.krakowpodgorze.zhp.pl\/wp-content\/uploads\/2025\/11\/arrow-down-1-svgrepo-com-1024x1024.png 1024w, http:\/\/www.bractwo.krakowpodgorze.zhp.pl\/wp-content\/uploads\/2025\/11\/arrow-down-1-svgrepo-com-150x150.png 150w, http:\/\/www.bractwo.krakowpodgorze.zhp.pl\/wp-content\/uploads\/2025\/11\/arrow-down-1-svgrepo-com-768x768.png 768w, http:\/\/www.bractwo.krakowpodgorze.zhp.pl\/wp-content\/uploads\/2025\/11\/arrow-down-1-svgrepo-com.png 1280w\" sizes=\"auto, (max-width: 300px) 100vw, 300px\" \/><\/a><\/figure>\n<\/div>\n<\/div><\/div>\n\n\n\n<div class=\"wp-block-group alignfull has-background is-content-justification-center is-nowrap is-layout-flex wp-container-core-group-is-layout-23441af8 wp-block-group-is-layout-flex\" style=\"background:radial-gradient(rgb(255,255,255) 0%,rgb(246,246,246) 99%)\">\n<hr class=\"wp-block-separator has-alpha-channel-opacity is-style-default\"\/>\n\n\n\n<div class=\"wp-block-group is-vertical is-content-justification-center is-layout-flex wp-container-core-group-is-layout-ce155fab wp-block-group-is-layout-flex\">\n<div class=\"wp-block-group is-content-justification-center is-nowrap is-layout-flex wp-container-core-group-is-layout-9a9777ff wp-block-group-is-layout-flex\">\n<figure class=\"wp-block-image size-full is-resized\"><a href=\"http:\/\/www.bractwo.krakowpodgorze.zhp.pl\/wp-content\/uploads\/2025\/07\/bractwo-sama-roza.png\"><img loading=\"lazy\" decoding=\"async\" width=\"394\" height=\"394\" src=\"http:\/\/www.bractwo.krakowpodgorze.zhp.pl\/wp-content\/uploads\/2025\/07\/bractwo-sama-roza.png\" alt=\"\" class=\"wp-image-1817\" style=\"width:70px\" srcset=\"http:\/\/www.bractwo.krakowpodgorze.zhp.pl\/wp-content\/uploads\/2025\/07\/bractwo-sama-roza.png 394w, http:\/\/www.bractwo.krakowpodgorze.zhp.pl\/wp-content\/uploads\/2025\/07\/bractwo-sama-roza-300x300.png 300w, http:\/\/www.bractwo.krakowpodgorze.zhp.pl\/wp-content\/uploads\/2025\/07\/bractwo-sama-roza-150x150.png 150w\" sizes=\"auto, (max-width: 394px) 100vw, 394px\" \/><\/a><\/figure>\n\n\n\n<figure class=\"wp-block-image alignleft size-full is-resized\"><a href=\"http:\/\/www.bractwo.krakowpodgorze.zhp.pl\/wp-content\/uploads\/2025\/07\/bractwo-sama-roza.png\"><img loading=\"lazy\" decoding=\"async\" width=\"394\" height=\"394\" src=\"http:\/\/www.bractwo.krakowpodgorze.zhp.pl\/wp-content\/uploads\/2025\/07\/bractwo-sama-roza.png\" alt=\"\" class=\"wp-image-1817\" style=\"width:100px\" srcset=\"http:\/\/www.bractwo.krakowpodgorze.zhp.pl\/wp-content\/uploads\/2025\/07\/bractwo-sama-roza.png 394w, http:\/\/www.bractwo.krakowpodgorze.zhp.pl\/wp-content\/uploads\/2025\/07\/bractwo-sama-roza-300x300.png 300w, http:\/\/www.bractwo.krakowpodgorze.zhp.pl\/wp-content\/uploads\/2025\/07\/bractwo-sama-roza-150x150.png 150w\" sizes=\"auto, (max-width: 394px) 100vw, 394px\" \/><\/a><\/figure>\n\n\n\n<figure class=\"wp-block-image size-full is-resized\"><a href=\"http:\/\/www.bractwo.krakowpodgorze.zhp.pl\/wp-content\/uploads\/2025\/07\/bractwo-sama-roza.png\"><img loading=\"lazy\" decoding=\"async\" width=\"394\" height=\"394\" src=\"http:\/\/www.bractwo.krakowpodgorze.zhp.pl\/wp-content\/uploads\/2025\/07\/bractwo-sama-roza.png\" alt=\"\" class=\"wp-image-1817\" style=\"width:130px\" srcset=\"http:\/\/www.bractwo.krakowpodgorze.zhp.pl\/wp-content\/uploads\/2025\/07\/bractwo-sama-roza.png 394w, http:\/\/www.bractwo.krakowpodgorze.zhp.pl\/wp-content\/uploads\/2025\/07\/bractwo-sama-roza-300x300.png 300w, http:\/\/www.bractwo.krakowpodgorze.zhp.pl\/wp-content\/uploads\/2025\/07\/bractwo-sama-roza-150x150.png 150w\" sizes=\"auto, (max-width: 394px) 100vw, 394px\" \/><\/a><\/figure>\n\n\n\n<figure class=\"wp-block-image size-full is-resized\"><a href=\"http:\/\/www.bractwo.krakowpodgorze.zhp.pl\/wp-content\/uploads\/2025\/07\/bractwo-sama-roza.png\"><img loading=\"lazy\" decoding=\"async\" width=\"394\" height=\"394\" src=\"http:\/\/www.bractwo.krakowpodgorze.zhp.pl\/wp-content\/uploads\/2025\/07\/bractwo-sama-roza.png\" alt=\"\" class=\"wp-image-1817\" style=\"width:100px\" srcset=\"http:\/\/www.bractwo.krakowpodgorze.zhp.pl\/wp-content\/uploads\/2025\/07\/bractwo-sama-roza.png 394w, http:\/\/www.bractwo.krakowpodgorze.zhp.pl\/wp-content\/uploads\/2025\/07\/bractwo-sama-roza-300x300.png 300w, http:\/\/www.bractwo.krakowpodgorze.zhp.pl\/wp-content\/uploads\/2025\/07\/bractwo-sama-roza-150x150.png 150w\" sizes=\"auto, (max-width: 394px) 100vw, 394px\" \/><\/a><\/figure>\n\n\n\n<figure class=\"wp-block-image size-full is-resized\"><a href=\"http:\/\/www.bractwo.krakowpodgorze.zhp.pl\/wp-content\/uploads\/2025\/07\/bractwo-sama-roza.png\"><img loading=\"lazy\" decoding=\"async\" width=\"394\" height=\"394\" src=\"http:\/\/www.bractwo.krakowpodgorze.zhp.pl\/wp-content\/uploads\/2025\/07\/bractwo-sama-roza.png\" alt=\"\" class=\"wp-image-1817\" style=\"width:70px;height:auto\" srcset=\"http:\/\/www.bractwo.krakowpodgorze.zhp.pl\/wp-content\/uploads\/2025\/07\/bractwo-sama-roza.png 394w, http:\/\/www.bractwo.krakowpodgorze.zhp.pl\/wp-content\/uploads\/2025\/07\/bractwo-sama-roza-300x300.png 300w, http:\/\/www.bractwo.krakowpodgorze.zhp.pl\/wp-content\/uploads\/2025\/07\/bractwo-sama-roza-150x150.png 150w\" sizes=\"auto, (max-width: 394px) 100vw, 394px\" \/><\/a><\/figure>\n<\/div>\n\n\n\n<div class=\"wp-block-buttons is-content-justification-center is-layout-flex wp-container-core-buttons-is-layout-a89b3969 wp-block-buttons-is-layout-flex\">\n<div class=\"wp-block-button has-custom-width wp-block-button__width-100\"><a class=\"wp-block-button__link has-base-color has-text-color has-background has-link-color has-roboto-font-family has-custom-font-size wp-element-button\" href=\"https:\/\/www.bractwo.krakowpodgorze.zhp.pl\/index.php\/druzyny-i-gromady\/\" style=\"background:linear-gradient(135deg,rgb(79,40,16) 0%,rgb(1,1,1) 100%);font-size:clamp(1.976rem, 1.976rem + ((1vw - 0.2rem) * 2.771), 3.5rem);font-style:normal;font-weight:700\">NASZE JEDNOSTKI<\/a><\/div>\n<\/div>\n\n\n\n<div class=\"wp-block-group is-content-justification-center is-nowrap is-layout-flex wp-container-core-group-is-layout-ff976b70 wp-block-group-is-layout-flex\">\n<figure class=\"wp-block-image size-full is-resized\"><a href=\"http:\/\/www.bractwo.krakowpodgorze.zhp.pl\/wp-content\/uploads\/2025\/07\/bractwo-sama-roza.png\"><img loading=\"lazy\" decoding=\"async\" width=\"394\" height=\"394\" src=\"http:\/\/www.bractwo.krakowpodgorze.zhp.pl\/wp-content\/uploads\/2025\/07\/bractwo-sama-roza.png\" alt=\"\" class=\"wp-image-1817\" style=\"width:70px\" srcset=\"http:\/\/www.bractwo.krakowpodgorze.zhp.pl\/wp-content\/uploads\/2025\/07\/bractwo-sama-roza.png 394w, http:\/\/www.bractwo.krakowpodgorze.zhp.pl\/wp-content\/uploads\/2025\/07\/bractwo-sama-roza-300x300.png 300w, http:\/\/www.bractwo.krakowpodgorze.zhp.pl\/wp-content\/uploads\/2025\/07\/bractwo-sama-roza-150x150.png 150w\" sizes=\"auto, (max-width: 394px) 100vw, 394px\" \/><\/a><\/figure>\n\n\n\n<figure class=\"wp-block-image alignleft size-full is-resized\"><a href=\"http:\/\/www.bractwo.krakowpodgorze.zhp.pl\/wp-content\/uploads\/2025\/07\/bractwo-sama-roza.png\"><img loading=\"lazy\" decoding=\"async\" width=\"394\" height=\"394\" src=\"http:\/\/www.bractwo.krakowpodgorze.zhp.pl\/wp-content\/uploads\/2025\/07\/bractwo-sama-roza.png\" alt=\"\" class=\"wp-image-1817\" style=\"width:100px\" srcset=\"http:\/\/www.bractwo.krakowpodgorze.zhp.pl\/wp-content\/uploads\/2025\/07\/bractwo-sama-roza.png 394w, http:\/\/www.bractwo.krakowpodgorze.zhp.pl\/wp-content\/uploads\/2025\/07\/bractwo-sama-roza-300x300.png 300w, http:\/\/www.bractwo.krakowpodgorze.zhp.pl\/wp-content\/uploads\/2025\/07\/bractwo-sama-roza-150x150.png 150w\" sizes=\"auto, (max-width: 394px) 100vw, 394px\" \/><\/a><\/figure>\n\n\n\n<figure class=\"wp-block-image size-full is-resized\"><a href=\"http:\/\/www.bractwo.krakowpodgorze.zhp.pl\/wp-content\/uploads\/2025\/07\/bractwo-sama-roza.png\"><img loading=\"lazy\" decoding=\"async\" width=\"394\" height=\"394\" src=\"http:\/\/www.bractwo.krakowpodgorze.zhp.pl\/wp-content\/uploads\/2025\/07\/bractwo-sama-roza.png\" alt=\"\" class=\"wp-image-1817\" style=\"width:130px\" srcset=\"http:\/\/www.bractwo.krakowpodgorze.zhp.pl\/wp-content\/uploads\/2025\/07\/bractwo-sama-roza.png 394w, http:\/\/www.bractwo.krakowpodgorze.zhp.pl\/wp-content\/uploads\/2025\/07\/bractwo-sama-roza-300x300.png 300w, http:\/\/www.bractwo.krakowpodgorze.zhp.pl\/wp-content\/uploads\/2025\/07\/bractwo-sama-roza-150x150.png 150w\" sizes=\"auto, (max-width: 394px) 100vw, 394px\" \/><\/a><\/figure>\n\n\n\n<figure class=\"wp-block-image size-full is-resized\"><a href=\"http:\/\/www.bractwo.krakowpodgorze.zhp.pl\/wp-content\/uploads\/2025\/07\/bractwo-sama-roza.png\"><img loading=\"lazy\" decoding=\"async\" width=\"394\" height=\"394\" src=\"http:\/\/www.bractwo.krakowpodgorze.zhp.pl\/wp-content\/uploads\/2025\/07\/bractwo-sama-roza.png\" alt=\"\" class=\"wp-image-1817\" style=\"width:100px\" srcset=\"http:\/\/www.bractwo.krakowpodgorze.zhp.pl\/wp-content\/uploads\/2025\/07\/bractwo-sama-roza.png 394w, http:\/\/www.bractwo.krakowpodgorze.zhp.pl\/wp-content\/uploads\/2025\/07\/bractwo-sama-roza-300x300.png 300w, http:\/\/www.bractwo.krakowpodgorze.zhp.pl\/wp-content\/uploads\/2025\/07\/bractwo-sama-roza-150x150.png 150w\" sizes=\"auto, (max-width: 394px) 100vw, 394px\" \/><\/a><\/figure>\n\n\n\n<figure class=\"wp-block-image size-full is-resized\"><a href=\"http:\/\/www.bractwo.krakowpodgorze.zhp.pl\/wp-content\/uploads\/2025\/07\/bractwo-sama-roza.png\"><img loading=\"lazy\" decoding=\"async\" width=\"394\" height=\"394\" src=\"http:\/\/www.bractwo.krakowpodgorze.zhp.pl\/wp-content\/uploads\/2025\/07\/bractwo-sama-roza.png\" alt=\"\" class=\"wp-image-1817\" style=\"width:70px\" srcset=\"http:\/\/www.bractwo.krakowpodgorze.zhp.pl\/wp-content\/uploads\/2025\/07\/bractwo-sama-roza.png 394w, http:\/\/www.bractwo.krakowpodgorze.zhp.pl\/wp-content\/uploads\/2025\/07\/bractwo-sama-roza-300x300.png 300w, http:\/\/www.bractwo.krakowpodgorze.zhp.pl\/wp-content\/uploads\/2025\/07\/bractwo-sama-roza-150x150.png 150w\" sizes=\"auto, (max-width: 394px) 100vw, 394px\" \/><\/a><\/figure>\n<\/div>\n<\/div>\n\n\n\n<hr class=\"wp-block-separator has-alpha-channel-opacity\"\/>\n<\/div>\n\n\n\n<div style=\"height:0px\" aria-hidden=\"true\" class=\"wp-block-spacer\"><\/div>\n\n\n\n<div class=\"wp-block-cover alignfull has-custom-content-position is-position-top-left\" style=\"margin-top:0;padding-top:5vw;padding-right:5vw;padding-bottom:5vw;padding-left:5vw;min-height:50vh;aspect-ratio:unset;\"><img loading=\"lazy\" decoding=\"async\" width=\"1024\" height=\"439\" class=\"wp-block-cover__image-background wp-image-389 size-large\" alt=\"\" src=\"http:\/\/www.bractwo.krakowpodgorze.zhp.pl\/wp-content\/uploads\/2015\/06\/4-1024x439.jpg\" style=\"object-position:48% 69%\" data-object-fit=\"cover\" data-object-position=\"48% 69%\" srcset=\"http:\/\/www.bractwo.krakowpodgorze.zhp.pl\/wp-content\/uploads\/2015\/06\/4-1024x439.jpg 1024w, http:\/\/www.bractwo.krakowpodgorze.zhp.pl\/wp-content\/uploads\/2015\/06\/4-300x129.jpg 300w, http:\/\/www.bractwo.krakowpodgorze.zhp.pl\/wp-content\/uploads\/2015\/06\/4.jpg 1680w\" sizes=\"auto, (max-width: 1024px) 100vw, 1024px\" \/><span aria-hidden=\"true\" class=\"wp-block-cover__background has-background-dim-90 has-background-dim\" style=\"background-color:#141414\"><\/span><div class=\"wp-block-cover__inner-container is-layout-flow wp-block-cover-is-layout-flow\">\n<div class=\"wp-block-group wp-container-content-9cfa9a5a is-vertical is-nowrap is-layout-flex wp-container-core-group-is-layout-2890af74 wp-block-group-is-layout-flex\">\n<p class=\"has-text-align-left has-text-color has-roboto-font-family\" style=\"color:#d8a557;font-size:clamp(50.171px, 3.136rem + ((1vw - 3.2px) * 5.662), 100px);font-style:normal;font-weight:700;letter-spacing:-4px;line-height:0.8;text-transform:none\">Dla rodzic\u00f3w<\/p>\n\n\n\n<p>Czym jest harcerstwo? Jak wspieramy wychowanie? Wszystkie te informacje mo\u017cna znale\u017a\u0107 tutaj.<\/p>\n\n\n\n<div style=\"height:88px\" aria-hidden=\"true\" class=\"wp-block-spacer wp-container-content-5d076905\"><\/div>\n\n\n\n<div class=\"wp-block-group is-nowrap is-layout-flex wp-container-core-group-is-layout-6c531013 wp-block-group-is-layout-flex\">\n<div class=\"wp-block-buttons is-content-justification-right is-layout-flex wp-container-core-buttons-is-layout-d445cf74 wp-block-buttons-is-layout-flex\">\n<div class=\"wp-block-button\"><a class=\"wp-block-button__link wp-element-button\" href=\"https:\/\/www.bractwo.krakowpodgorze.zhp.pl\/index.php\/dla-rodzicow-2\/\">Informacje dla rodzic\u00f3w<\/a><\/div>\n<\/div>\n<\/div>\n<\/div>\n<\/div><\/div>\n","protected":false},"excerpt":{"rendered":"","protected":false},"author":1,"featured_media":0,"parent":0,"menu_order":0,"comment_status":"closed","ping_status":"open","template":"","meta":{"footnotes":""},"class_list":["post-6","page","type-page","status-publish","hentry"],"_links":{"self":[{"href":"http:\/\/www.bractwo.krakowpodgorze.zhp.pl\/index.php\/wp-json\/wp\/v2\/pages\/6","targetHints":{"allow":["GET"]}}],"collection":[{"href":"http:\/\/www.bractwo.krakowpodgorze.zhp.pl\/index.php\/wp-json\/wp\/v2\/pages"}],"about":[{"href":"http:\/\/www.bractwo.krakowpodgorze.zhp.pl\/index.php\/wp-json\/wp\/v2\/types\/page"}],"author":[{"embeddable":true,"href":"http:\/\/www.bractwo.krakowpodgorze.zhp.pl\/index.php\/wp-json\/wp\/v2\/users\/1"}],"replies":[{"embeddable":true,"href":"http:\/\/www.bractwo.krakowpodgorze.zhp.pl\/index.php\/wp-json\/wp\/v2\/comments?post=6"}],"version-history":[{"count":19,"href":"http:\/\/www.bractwo.krakowpodgorze.zhp.pl\/index.php\/wp-json\/wp\/v2\/pages\/6\/revisions"}],"predecessor-version":[{"id":1908,"href":"http:\/\/www.bractwo.krakowpodgorze.zhp.pl\/index.php\/wp-json\/wp\/v2\/pages\/6\/revisions\/1908"}],"wp:attachment":[{"href":"http:\/\/www.bractwo.krakowpodgorze.zhp.pl\/index.php\/wp-json\/wp\/v2\/media?parent=6"}],"curies":[{"name":"wp","href":"https:\/\/api.w.org\/{rel}","templated":true}]}}