{"id":1084,"date":"2019-10-02T14:29:49","date_gmt":"2019-10-02T12:29:49","guid":{"rendered":"http:\/\/www.bractwo.krakowpodgorze.zhp.pl\/?page_id=1084"},"modified":"2026-03-07T19:22:31","modified_gmt":"2026-03-07T18:22:31","slug":"skladka-czlonkowska-zhp","status":"publish","type":"page","link":"https:\/\/www.bractwo.krakowpodgorze.zhp.pl\/index.php\/skladka-czlonkowska-zhp\/","title":{"rendered":"Sk\u0142adka cz\u0142onkowska ZHP"},"content":{"rendered":"\n<p>Ka\u017cdy cz\u0142onek ZHP &#8211; jako cz\u0142onek stowarzyszenia, ma obowi\u0105zek op\u0142aca\u0107 sk\u0142adk\u0119 cz\u0142onkowsk\u0105. Mo\u017cna j\u0105 wp\u0142aca\u0107 w got\u00f3wce dru\u017cynowym lub na konto. Kwartalna sk\u0142adka cz\u0142onkowska na ten moment wynosi:<\/p>\n\n\n\n<ul class=\"wp-block-list\">\n<li><strong>95 z\u0142 za kwarta\u0142 w 2026 roku<\/strong><\/li>\n<\/ul>\n\n\n\n<p>Sk\u0142adka jest przeznaczana na bie\u017c\u0105c\u0105 dzia\u0142alno\u015b\u0107 dru\u017cyn i zwi\u0105zku dru\u017cyn oraz przekazywana na wy\u017csze szczeble struktury ZHP, w celu obs\u0142ugi ksi\u0119gowej, prawnej, administracyjnej oraz jako sk\u0142adka do organizacji mi\u0119dzynarodowych (WOSM i WAGGGS). Sk\u0142adka obejmuje te\u017c ubezpieczenie dziecka na zbi\u00f3rkach i wyjazdach organizowanych przez dru\u017cyny.<\/p>\n\n\n\n<h2 class=\"wp-block-heading\">Termin p\u0142atno\u015bci:<\/h2>\n\n\n\n<p>Cz\u0142onkowie ZHP op\u0142acaj\u0105 sk\u0142adk\u0119 w nast\u0119puj\u0105cych terminach:<\/p>\n\n\n\n<ul class=\"wp-block-list\">\n<li>do 20 stycznia za I kwarta\u0142,<\/li>\n\n\n\n<li>do 20 kwietnia za II kwarta\u0142,<\/li>\n\n\n\n<li>do 20 lipca za III kwarta\u0142,<\/li>\n\n\n\n<li>do 20 pa\u017adziernika za IV kwarta\u0142.<\/li>\n<\/ul>\n\n\n\n<h3 class=\"wp-block-heading\">Numer konta do sk\u0142adek:<\/h3>\n\n\n\n<p><strong>Uwaga! Zmiana numeru konta!<\/strong><\/p>\n\n\n\n<p>06 1140 1010 0000 5649 8100 1006<\/p>\n\n\n\n<p>W tytule przelewu podajemy: imi\u0119 i nazwisko harcerza\/zucha + sk\u0142adka cz\u0142onkowska za kwarta\u0142 + nazwa dru\u017cyny, czyli np. &#8222;Jan Kowalski &#8211; sk\u0142adka cz\u0142onkowska za kwarta\u0142 3. 2022 &#8211; 29 PgGZ Jamanije&#8221;.<\/p>\n\n\n\n<p>Uwaga! Pod ten numer wp\u0142acamy sk\u0142adk\u0119 cz\u0142onkowsk\u0105, darowizny i inne wp\u0142aty zwi\u0105zane z dzia\u0142alno\u015bci\u0105 \u015br\u00f3droczn\u0105 <strong><span class=\"has-inline-color has-vivid-red-color\">po uzgodnieniu z dru\u017cynowym<\/span>.<\/strong><\/p>\n\n\n\n<p><mark style=\"background-color:rgba(0, 0, 0, 0)\" class=\"has-inline-color has-vivid-red-color\"><strong>Nie wp\u0142acamy nic zwi\u0105zanego z obozem lub zimowiskiem<\/strong>!<\/mark><\/p>\n\n\n\n<h3 class=\"wp-block-heading\">Konto obozowe:<\/h3>\n\n\n\n<p><\/p>\n","protected":false},"excerpt":{"rendered":"<p>Ka\u017cdy cz\u0142onek ZHP &#8211; jako cz\u0142onek stowarzyszenia, ma obowi\u0105zek op\u0142aca\u0107 sk\u0142adk\u0119 cz\u0142onkowsk\u0105. Mo\u017cna j\u0105 wp\u0142aca\u0107 w got\u00f3wce dru\u017cynowym lub na konto. Kwartalna sk\u0142adka cz\u0142onkowska na ten moment wynosi: Sk\u0142adka jest przeznaczana na bie\u017c\u0105c\u0105 dzia\u0142alno\u015b\u0107 dru\u017cyn i zwi\u0105zku dru\u017cyn oraz przekazywana na wy\u017csze szczeble struktury ZHP, w celu obs\u0142ugi ksi\u0119gowej, prawnej, administracyjnej oraz jako sk\u0142adka do [&hellip;]<\/p>\n","protected":false},"author":1,"featured_media":0,"parent":0,"menu_order":0,"comment_status":"closed","ping_status":"closed","template":"","meta":{"footnotes":""},"class_list":["post-1084","page","type-page","status-publish","hentry"],"_links":{"self":[{"href":"https:\/\/www.bractwo.krakowpodgorze.zhp.pl\/index.php\/wp-json\/wp\/v2\/pages\/1084","targetHints":{"allow":["GET"]}}],"collection":[{"href":"https:\/\/www.bractwo.krakowpodgorze.zhp.pl\/index.php\/wp-json\/wp\/v2\/pages"}],"about":[{"href":"https:\/\/www.bractwo.krakowpodgorze.zhp.pl\/index.php\/wp-json\/wp\/v2\/types\/page"}],"author":[{"embeddable":true,"href":"https:\/\/www.bractwo.krakowpodgorze.zhp.pl\/index.php\/wp-json\/wp\/v2\/users\/1"}],"replies":[{"embeddable":true,"href":"https:\/\/www.bractwo.krakowpodgorze.zhp.pl\/index.php\/wp-json\/wp\/v2\/comments?post=1084"}],"version-history":[{"count":31,"href":"https:\/\/www.bractwo.krakowpodgorze.zhp.pl\/index.php\/wp-json\/wp\/v2\/pages\/1084\/revisions"}],"predecessor-version":[{"id":1954,"href":"https:\/\/www.bractwo.krakowpodgorze.zhp.pl\/index.php\/wp-json\/wp\/v2\/pages\/1084\/revisions\/1954"}],"wp:attachment":[{"href":"https:\/\/www.bractwo.krakowpodgorze.zhp.pl\/index.php\/wp-json\/wp\/v2\/media?parent=1084"}],"curies":[{"name":"wp","href":"https:\/\/api.w.org\/{rel}","templated":true}]}}