{"id":1189,"date":"2021-10-28T13:39:00","date_gmt":"2021-10-28T11:39:00","guid":{"rendered":"http:\/\/www.bractwo.krakowpodgorze.zhp.pl\/?page_id=1189"},"modified":"2025-07-31T00:46:20","modified_gmt":"2025-07-30T22:46:20","slug":"sprawnosci-zuchowe","status":"publish","type":"page","link":"https:\/\/www.bractwo.krakowpodgorze.zhp.pl\/index.php\/sprawnosci-zuchowe\/","title":{"rendered":"Sprawno\u015bci zuchowe"},"content":{"rendered":"\n<p>Zuchy sprawno\u015bci realizuj\u0105 wed\u0142ug wieku:<\/p>\n\n\n\n<ul class=\"wp-block-list\">\n<li>jednogwiazdkowe dla pierwszoklasist\u00f3w<\/li>\n\n\n\n<li>dwugwiazdkowe dla drugoklasist\u00f3w<\/li>\n\n\n\n<li>trzygwiazdkowe dla trzecioklasist\u00f3w<\/li>\n<\/ul>\n\n\n\n<p>Przed rozpocz\u0119ciem realizacji sprawno\u015b\u0107 nale\u017cy podpisa\u0107 i <strong>wpisa\u0107 dat\u0119 rozpocz\u0119cia realizacji<\/strong>. Po wykonaniu sprawno\u015bci nale\u017cy j\u0105 przekaza\u0107 dru\u017cynowemu do przyznania rozkazem.<\/p>\n\n\n\n<p>Sprawno\u015b\u0107 zdobywa si\u0119 realizuj\u0105c zadania. Wykonanie danego zadania mo\u017ce potwierdzi\u0107 <strong>podpisem i dat\u0105<\/strong> kadra gromady, rodzic lub inny doros\u0142y (np. nauczyciel lub prowadz\u0105cy zaj\u0119cia). <\/p>\n\n\n\n<p>W przypadku niedopasowania zada\u0144 do zucha, tre\u015b\u0107 zada\u0144 mo\u017cna zmodyfikowa\u0107 do indywidualnych potrzeb i predyspozycji zucha po konsultacji z dru\u017cynowym.<\/p>\n\n\n\n<h2 class=\"wp-block-heading\">Baza sprawno\u015bci<\/h2>\n\n\n\n<div class=\"wp-block-buttons is-layout-flex wp-block-buttons-is-layout-flex\">\n<div class=\"wp-block-button\"><a class=\"wp-block-button__link wp-element-button\" href=\"https:\/\/sim.zhp.pl\">Oficjalna strona Systemu Instrument\u00f3w Metodycznych ZHP<\/a><\/div>\n<\/div>\n\n\n\n<p><a href=\"https:\/\/1drv.ms\/u\/s!AqmiAj9fhqjwowFCbMSrrdl-ueY8?e=t07ikB\">https:\/\/1drv.ms\/u\/s!AqmiAj9fhqjwowFCbMSrrdl-ueY8?e=t07ikB<\/a><\/p>\n","protected":false},"excerpt":{"rendered":"<p>Zuchy sprawno\u015bci realizuj\u0105 wed\u0142ug wieku: Przed rozpocz\u0119ciem realizacji sprawno\u015b\u0107 nale\u017cy podpisa\u0107 i wpisa\u0107 dat\u0119 rozpocz\u0119cia realizacji. Po wykonaniu sprawno\u015bci nale\u017cy j\u0105 przekaza\u0107 dru\u017cynowemu do przyznania rozkazem. Sprawno\u015b\u0107 zdobywa si\u0119 realizuj\u0105c zadania. Wykonanie danego zadania mo\u017ce potwierdzi\u0107 podpisem i dat\u0105 kadra gromady, rodzic lub inny doros\u0142y (np. nauczyciel lub prowadz\u0105cy zaj\u0119cia). W przypadku niedopasowania zada\u0144 do [&hellip;]<\/p>\n","protected":false},"author":1,"featured_media":0,"parent":0,"menu_order":0,"comment_status":"closed","ping_status":"closed","template":"","meta":{"footnotes":""},"class_list":["post-1189","page","type-page","status-publish","hentry"],"_links":{"self":[{"href":"https:\/\/www.bractwo.krakowpodgorze.zhp.pl\/index.php\/wp-json\/wp\/v2\/pages\/1189","targetHints":{"allow":["GET"]}}],"collection":[{"href":"https:\/\/www.bractwo.krakowpodgorze.zhp.pl\/index.php\/wp-json\/wp\/v2\/pages"}],"about":[{"href":"https:\/\/www.bractwo.krakowpodgorze.zhp.pl\/index.php\/wp-json\/wp\/v2\/types\/page"}],"author":[{"embeddable":true,"href":"https:\/\/www.bractwo.krakowpodgorze.zhp.pl\/index.php\/wp-json\/wp\/v2\/users\/1"}],"replies":[{"embeddable":true,"href":"https:\/\/www.bractwo.krakowpodgorze.zhp.pl\/index.php\/wp-json\/wp\/v2\/comments?post=1189"}],"version-history":[{"count":4,"href":"https:\/\/www.bractwo.krakowpodgorze.zhp.pl\/index.php\/wp-json\/wp\/v2\/pages\/1189\/revisions"}],"predecessor-version":[{"id":1766,"href":"https:\/\/www.bractwo.krakowpodgorze.zhp.pl\/index.php\/wp-json\/wp\/v2\/pages\/1189\/revisions\/1766"}],"wp:attachment":[{"href":"https:\/\/www.bractwo.krakowpodgorze.zhp.pl\/index.php\/wp-json\/wp\/v2\/media?parent=1189"}],"curies":[{"name":"wp","href":"https:\/\/api.w.org\/{rel}","templated":true}]}}