{"id":12,"date":"2015-04-18T15:19:12","date_gmt":"2015-04-18T13:19:12","guid":{"rendered":"http:\/\/localhost\/wordpress\/?page_id=12"},"modified":"2026-03-08T22:10:38","modified_gmt":"2026-03-08T21:10:38","slug":"magiczne-zuchy","status":"publish","type":"page","link":"https:\/\/www.bractwo.krakowpodgorze.zhp.pl\/index.php\/druzyny-i-gromady\/magiczne-zuchy\/","title":{"rendered":"5 Podg\u00f3rska Gromada Zuchowa &#8222;Magiczne Zuchy&#8221;"},"content":{"rendered":"\n<figure class=\"wp-block-image size-large has-custom-border is-style-rounded\"><a href=\"http:\/\/www.bractwo.krakowpodgorze.zhp.pl\/wp-content\/uploads\/2015\/06\/mz.jpg\"><img loading=\"lazy\" decoding=\"async\" width=\"1024\" height=\"439\" src=\"http:\/\/www.bractwo.krakowpodgorze.zhp.pl\/wp-content\/uploads\/2015\/06\/mz-1024x439.jpg\" alt=\"\" class=\"wp-image-417\" style=\"border-radius:14px\" srcset=\"https:\/\/www.bractwo.krakowpodgorze.zhp.pl\/wp-content\/uploads\/2015\/06\/mz-1024x439.jpg 1024w, https:\/\/www.bractwo.krakowpodgorze.zhp.pl\/wp-content\/uploads\/2015\/06\/mz-300x129.jpg 300w, https:\/\/www.bractwo.krakowpodgorze.zhp.pl\/wp-content\/uploads\/2015\/06\/mz.jpg 1680w\" sizes=\"auto, (max-width: 1024px) 100vw, 1024px\" \/><\/a><\/figure>\n\n\n\n<h2 class=\"wp-block-heading ui-sortable-handle\">Kadra:<\/h2>\n\n\n\n<p class=\"has-text-align-left ui-sortable-handle\">Dru\u017cynowy: pwd. Wiktor Baran &#8211; <a href=\"mailto:wiktor.baran@zhp.pl\">wiktor.baran@zhp.pl<\/a> <br>Przyboczna: och. Zuzanna Kulig &#8211; <a href=\"mailto:zuzanna.kulig@zhp.net.pl\">zuzanna.kulig@zhp.pl<\/a><br>Przyboczna: wyw. Wojciech Furtak &#8211; <a href=\"wojciech.furtak@zhp.pl\" data-type=\"link\" data-id=\"wojciech.furtak@zhp.pl\">wojciech.furtak@zhp.pl<\/a><\/p>\n\n\n\n<h2 class=\"wp-block-heading ui-sortable-handle\">O nas:<\/h2>\n\n\n\n<p class=\"has-text-align-left ui-sortable-handle\">5 PgGZ &#8222;Magiczne Zuchy&#8221; to gromada zuchowa, nale\u017c\u0105ca do Zwi\u0105zku Dru\u017cyn Harcerskich &#8222;BRACTWO&#8221;, przy Hufcu ZHP Krak\u00f3w &#8211; Podg\u00f3rze. Gromada dzia\u0142a przy Szkole Podstawowej nr 29 (ul.Dembowskiego 12) w Krakowie &#8211; Podg\u00f3rzu.<\/p>\n\n\n\n<h2 class=\"wp-block-heading ui-sortable-handle\">Zbi\u00f3rki:<\/h2>\n\n\n\n<p class=\"has-text-align-left ui-sortable-handle\">Zbi\u00f3rki odbywaj\u0105 si\u0119 w wtorki od godz.16:30 do godz. 18:00 w harc\u00f3wce w Szkole Podstawowej nr 29 w Krakowie.<\/p>\n\n\n\n<figure class=\"wp-block-image aligncenter size-full\"><a href=\"http:\/\/www.bractwo.krakowpodgorze.zhp.pl\/wp-content\/uploads\/2015\/06\/logozuch1.jpg\"><img loading=\"lazy\" decoding=\"async\" width=\"133\" height=\"114\" src=\"http:\/\/www.bractwo.krakowpodgorze.zhp.pl\/wp-content\/uploads\/2015\/06\/logozuch1.jpg\" alt=\"\" class=\"wp-image-416\"\/><\/a><\/figure>\n\n\n\n<p><\/p>\n","protected":false},"excerpt":{"rendered":"<p>Kadra: Dru\u017cynowy: pwd. Wiktor Baran &#8211; wiktor.baran@zhp.pl Przyboczna: och. Zuzanna Kulig &#8211; zuzanna.kulig@zhp.plPrzyboczna: wyw. Wojciech Furtak &#8211; wojciech.furtak@zhp.pl O nas: 5 PgGZ &#8222;Magiczne Zuchy&#8221; to gromada zuchowa, nale\u017c\u0105ca do Zwi\u0105zku Dru\u017cyn Harcerskich &#8222;BRACTWO&#8221;, przy Hufcu ZHP Krak\u00f3w &#8211; Podg\u00f3rze. Gromada dzia\u0142a przy Szkole Podstawowej nr 29 (ul.Dembowskiego 12) w Krakowie &#8211; Podg\u00f3rzu. Zbi\u00f3rki: Zbi\u00f3rki odbywaj\u0105 [&hellip;]<\/p>\n","protected":false},"author":1,"featured_media":417,"parent":16,"menu_order":0,"comment_status":"closed","ping_status":"open","template":"","meta":{"footnotes":""},"class_list":["post-12","page","type-page","status-publish","has-post-thumbnail","hentry"],"_links":{"self":[{"href":"https:\/\/www.bractwo.krakowpodgorze.zhp.pl\/index.php\/wp-json\/wp\/v2\/pages\/12","targetHints":{"allow":["GET"]}}],"collection":[{"href":"https:\/\/www.bractwo.krakowpodgorze.zhp.pl\/index.php\/wp-json\/wp\/v2\/pages"}],"about":[{"href":"https:\/\/www.bractwo.krakowpodgorze.zhp.pl\/index.php\/wp-json\/wp\/v2\/types\/page"}],"author":[{"embeddable":true,"href":"https:\/\/www.bractwo.krakowpodgorze.zhp.pl\/index.php\/wp-json\/wp\/v2\/users\/1"}],"replies":[{"embeddable":true,"href":"https:\/\/www.bractwo.krakowpodgorze.zhp.pl\/index.php\/wp-json\/wp\/v2\/comments?post=12"}],"version-history":[{"count":40,"href":"https:\/\/www.bractwo.krakowpodgorze.zhp.pl\/index.php\/wp-json\/wp\/v2\/pages\/12\/revisions"}],"predecessor-version":[{"id":1942,"href":"https:\/\/www.bractwo.krakowpodgorze.zhp.pl\/index.php\/wp-json\/wp\/v2\/pages\/12\/revisions\/1942"}],"up":[{"embeddable":true,"href":"https:\/\/www.bractwo.krakowpodgorze.zhp.pl\/index.php\/wp-json\/wp\/v2\/pages\/16"}],"wp:featuredmedia":[{"embeddable":true,"href":"https:\/\/www.bractwo.krakowpodgorze.zhp.pl\/index.php\/wp-json\/wp\/v2\/media\/417"}],"wp:attachment":[{"href":"https:\/\/www.bractwo.krakowpodgorze.zhp.pl\/index.php\/wp-json\/wp\/v2\/media?parent=12"}],"curies":[{"name":"wp","href":"https:\/\/api.w.org\/{rel}","templated":true}]}}