{"id":151,"date":"2015-04-19T21:20:56","date_gmt":"2015-04-19T19:20:56","guid":{"rendered":"http:\/\/localhost\/wordpress\/?page_id=151"},"modified":"2025-07-31T02:45:00","modified_gmt":"2025-07-31T00:45:00","slug":"kronika-szczepu-debnickiego","status":"publish","type":"page","link":"https:\/\/www.bractwo.krakowpodgorze.zhp.pl\/index.php\/historia-bractwa\/kronika-szczepu-debnickiego\/","title":{"rendered":"Kronika Szczepu &#8222;D\u0119bnickiego&#8221; im. Adama Polewki"},"content":{"rendered":"<h1 dir=\"ltr\">Pocz\u0105tki<\/h1>\n<p dir=\"ltr\">Od pocz\u0105tku szko\u0142y nr 110 w 1967 roku, przez dwa lata nie powsta\u0142a przy niej \u017cadna dru\u017cyna harcerska. Ktokolwiek chcia\u0142 zaanga\u017cowa\u0107 si\u0119 w \u017cycie harcerzy kierowa\u0142 si\u0119 do szczepu &#8222;B\u00f3r&#8221; dzia\u0142aj\u0105cego przy szkole nr 30. W 1969 roku powsta\u0142y pierwsze dwie dru\u017cyny zuchowe, a druhna Krystyna Ma\u0142odobry w tym samym czasie za\u0142o\u017cy\u0142a dru\u017cyn\u0119 harcerek. W takiej postaci pracowa\u0142y przez dwa kolejne lata powsta\u0142e dru\u017cyny. W 1970 roku za\u0142o\u017cono dru\u017cyn\u0119 ch\u0142opc\u00f3w, w zwi\u0105zku z tym powsta\u0142 Szczep &#8222;D\u0119bnicki&#8221;. Pierwszym jego szczepowym zosta\u0142 Janusz Francuz. Z nim wsp\u00f3\u0142pracowa\u0142 Janusz Komorowski, kt\u00f3ry by\u0142 zast\u0119pc\u0105 komendanta. W kilka lat p\u00f3\u017aniej zast\u0119pc\u0105 komendanta by\u0142a Maria \u017benojtel, kt\u00f3ra od tej pory obejmowa\u0142a funkcj\u0119 dru\u017cynowej zuch\u00f3w. Nast\u0119pnie szczepow\u0105 zostaje Krystyna Ma\u0142odobry.<\/p>\n<p dir=\"ltr\">Przez ten czas szczep prowadzi\u0142 co roku w maju akcj\u0119 tzw. &#8222;Dni gotowo\u015bci do lata&#8221;. Wygl\u0105da\u0142o to tak, i\u017c budowano mini ob\u00f3z na terenie dzisiejszego boiska szkolnego na okres 3 dni, w kt\u00f3rym stosowano wszelkie obrz\u0119dy obozowe. Gdy wybudowano boisko, przeniesiono akcj\u0119 na teren Podg\u00f3rek Tynieckich &#8211; tam dostawano zezwolenie od le\u015bniczego na prowadzenie tej akcji. Pierwszy wyjazd odby\u0142 si\u0119 w roku szkolnym 1969\/1970 &#8211; by\u0142o to zimowisko. Opr\u00f3cz druhny Krystyny Ma\u0142odobry wszyscy byli niepe\u0142noletni, wi\u0119c dodatkowym opiekunem by\u0142 zast\u0119pca dyrektora Kazimierz Chlostawa. Z kolei pierwszy ob\u00f3z letni odby\u0142 si\u0119 w roku 1977. Dostano wtedy od G\u0142\u00f3wnej Kwatery kategori\u0119 A i nowy namiot &#8222;\u015awietlica&#8221;. Za tamtych czas\u00f3w sprz\u0119t szczepu &#8222;D\u0119bnickiego&#8221; swobodnie wystarcza\u0142 na zorganizowanie dobrego obozu dla 40 os\u00f3b.<\/p>\n<h2 dir=\"ltr\">ROZKWIT I UPADEK<\/h2>\n<p dir=\"ltr\">A\u017c do nast\u0119pnego komendanta kadr\u0119 tworzyli tylko instruktorzy &#8222;wychowani&#8221; w szczepie. Szczepowym po Krystynie Ma\u0142odobry zostaje Zbigniew Urbaniec, a nast\u0119pnie jego \u017cona, zajmuj\u0105ca si\u0119 wy\u0142\u0105cznie gromadami zuchowymi. Okres ten (czyli pierwsza po\u0142owa lat osiemdziesi\u0105tych) by\u0142 bardzo owocny pod wzgl\u0119dem programowym, jak i pr\u0119\u017cno\u015bci dzia\u0142a\u0144 szczepu. \u015amia\u0142o mo\u017cna stwierdzi\u0107, i\u017c osi\u0105gni\u0119to wtedy apogeum si\u0142y szczepu. Najbli\u017csze lata poka\u017c\u0105 jak \u0142atwo jest straci\u0107 to wszystko co do tej pory osi\u0105gni\u0119to. Nast\u0119pnym szczepowym zostaje Marek G\u00f3rny &#8211; student Wy\u017cszej Szko\u0142y Pedagogicznej. Wprowadzi\u0142 on do szczepu instruktor\u00f3w &#8211; student\u00f3w, kt\u00f3rzy obejmowali praktyki. W tym czasie a\u017c 75% uczni\u00f3w szko\u0142y nr 110 nale\u017ca\u0142a do szczepu. Powstawa\u0142o wiele dru\u017cyn, ale studenci, kt\u00f3rzy tworzyli kadr\u0119 powsta\u0142ych dru\u017cyn, uko\u0144czyli praktyki i zostawili szczep w rozsypce. Po tym wydarzeniu Krystyna Ma\u0142odobry w ko\u0144cu lat osiemdziesi\u0105tych wycofuje si\u0119 na zawsze z \u017cycia harcerskiego. Dh Zbigniew Urbaniec podejmuje si\u0119 wtedy ratowania tego, co mo\u017cna jeszcze by\u0142o uratowa\u0107. Pomimo usilnych pr\u00f3b, od tego czasu obserwuje si\u0119 powolne za\u0142amywanie harcerstwa i jego degradacj\u0119. Na przestrzeni kilku zaledwie lat z &#8222;giganta&#8221; jakim by\u0142 Szczep D\u0119bnicki pozostaje ma\u0142a grupka ludzi wiernych ideom. Aby nie by\u0107 go\u0142os\u0142ownym chc\u0119 poda\u0107 kilka najwa\u017cniejszych fakt\u00f3w.<\/p>\n<p dir=\"ltr\">Jeszcze w 1987 roku dzia\u0142a\u0142y w szczepie:<\/p>\n<ul>\n<li style=\"list-style-type: none;\">\n<ul>\n<li dir=\"ltr\">dru\u017cyna harcerzy (Michalczuk Kazimierz pwd)<\/li>\n<\/ul>\n<\/li>\n<\/ul>\n<ul>\n<li style=\"list-style-type: none;\">\n<ul>\n<li dir=\"ltr\">dru\u017cyna harcerzy (B\u0105k Agnieszka, a potem Urbaniec Stanis\u0142aw)<\/li>\n<\/ul>\n<\/li>\n<\/ul>\n<ul>\n<li dir=\"ltr\">5 dru\u017cyn zuchowych obejmuj\u0105cych swoim zasi\u0119giem klasy II do IV<\/li>\n<\/ul>\n<p>Komendantem szczepu by\u0142 wtedy dh Zbigniew Urbaniec hm, a jego zast\u0119pc\u0105 Urbaniec Eleonora hm PL. Dru\u017cyna harcerzy liczy\u0142a 28 os\u00f3b w czterech zast\u0119pach; Rysie, Lisy, Lamparty, Wilki. Nazwy wymieniam nieprzypadkowo, gdy\u017c w ich sk\u0142ad wchodzili bowiem harcerze, kt\u00f3rzy potem podejm\u0105 si\u0119 trudu odbudowy wszystkiego od podstaw. A &#8222;Rysie&#8221; sta\u0142y si\u0119 symbolem do kt\u00f3rego to b\u0119d\u0105 nawi\u0105zywa\u0142y zwyczaje i obrz\u0119dy 29 DH &#8222;Arnhem&#8221;.<\/p>\n<p>W ci\u0105gu roku &#8222;upad\u0142y&#8221; wszystkie dru\u017cyny zuchowe, dru\u017cyna harcerek nieco p\u00f3\u017aniej, a harcerzy zosta\u0142a sprowadzona do zast\u0119pu. Decyzj\u0105 komendanta hufca Szczep D\u0119bnicki zostaje rozwi\u0105zany, a ca\u0142o\u015b\u0107 maj\u0105tku przechodzi na konto 29 DH-y (owego zast\u0119pu). W tym momencie mo\u017cemy m\u00f3wi\u0107 o definitywnym zaprzestaniu dzia\u0142alno\u015bci szczepu i pocz\u0105tku samodzielnej dru\u017cyny.<\/p>\n<h2 dir=\"ltr\">Odnowa<\/h2>\n<p dir=\"ltr\">Pocz\u0105tki by\u0142y bardzo trudne i nie rokowa\u0142y du\u017cych nadziej na przysz\u0142o\u015b\u0107. Pierwszym dru\u017cynowym zostaje Marcin Konior. Mianowany rozkazem hufca z dnia 17 marca 1989 roku na to stanowisko. Przybocznym zostaje jego brat, Jacek. Dru\u017cyna przyjmuje inn\u0105 form\u0119 nazewnictwa zast\u0119p\u00f3w. Od tej pory nie b\u0119d\u0105 obowi\u0105zywa\u0107 nazwy zwi\u0105zane z lasem i zwierz\u0119tami, a nazwy spokrewnione z terminologia wojenn\u0105, takie jak np. &#8222;Comando&#8221;, &#8222;Zwiadowcy&#8221;, &#8222;Grupa Szturmowa&#8221;, &#8222;Dywizjon 303&#8221;. W dwa lata p\u00f3\u017aniej powstaje tak\u017ce plakietka dru\u017cyny, z centralnie umieszczona lilijk\u0105 na tle spadochronu.<\/p>\n<p dir=\"ltr\">A wszystko to na zielonym tle. Wr\u00f3\u0107my jednak do 1989 roku. Dru\u017cyna jeszcze bardzo os\u0142abiona jedzie na ob\u00f3z do Piotrowic, wystawiaj\u0105c zaledwie dwa zast\u0119py. Rok p\u00f3\u017aniej na obozie w P\u0142aczewie wystawiaj\u0105 tak\u017ce tylko dwa.<\/p>\n<p dir=\"ltr\">Na prze\u0142omie lat 90\/91 zajd\u0105 du\u017ce zmiany. Dru\u017cyna rozrasta do 25 os\u00f3b, dru\u017cynowemu udaje si\u0119 obsadzi\u0107 wszystkie, kluczowe stanowiska w dru\u017cynie, miedzy innymi kwatermistrzostwo \u015bci\u0105gaj\u0105c Marcina Zygmuntowicza z &#8222;Fioletowej Tr\u00f3jki&#8221;. Ponad to Marcin Konior stara si\u0119 o stopie\u0144 instruktorski i przeprowadza kampanie &#8222;Bohater&#8221;.<\/p>\n<p dir=\"ltr\">29 Dru\u017cyna Harcerzy nazywa\u0107 si\u0119 b\u0119dzie &#8222;Arnhem&#8221; na cze\u015b\u0107 dzia\u0142a\u0144 wojennych prowadzonych przez 1 Samodzielna Brygad\u0119 Spadochronow\u0105 pod dow\u00f3dztwem gen. St. F. Sosabowskiego. Nazwa dru\u017cyny i bohater zostaj\u0105 oficjalnie zatwierdzone 6 czerwca 1992 roku.<\/p>\n<p dir=\"ltr\">W roku 1991 (w sierpniu) odby\u0142 si\u0119 niemal ju\u017c historyczny ob\u00f3z w Piotrowicach, po raz drugi, gdzie 29 DH &#8222;Arnhem&#8221; wystawi\u0142a ca\u0142y podob\u00f3z, pierwszy po prawie 10-cio letniej przerwie. Komendant Marcin Konior mianuje obo\u017anym Marcina Zygmuntowicza, a instruktorem programowym Jacka Koniora. Od tego momentu obozy odbywaj\u0105 si\u0119 regularnie co roku. W 1992 roku w Noblinach r\u00f3wnie\u017c wystawiamy podob\u00f3z. Z ch\u0142opcami jedzie r\u00f3wnie\u017c zast\u0119p dziewcz\u0119cy. Obydwa te obozy mia\u0142y na celu ugruntowanie zwyczaj\u00f3w harcerskich po\u0142\u0105czonych z stworzeniem to\u017csamo\u015bci naszej dru\u017cyny, co uda\u0142o si\u0119 zrealizowa\u0107 w 100%. Z tego w\u0142a\u015bnie powodu nazwy oboz\u00f3w zwi\u0105zane by\u0142y z dzia\u0142aniami militarnymi, zwa\u0142y si\u0119 odpowiednio &#8222;Nawarona&#8221;, &#8222;Twierdza Ilion&#8221;. Ob\u00f3z w Noblinach nawi\u0105zywa\u0142 tak\u017ce do czas\u00f3w staro\u017cytnych.<\/p>\n<p dir=\"ltr\">We wrze\u015bniu 1992 roku na jednej z rad dru\u017cyny go\u015bcimy dru\u017cynow\u0105 Monik\u0119 Prokop pwd. , zwi\u0105zan\u0105 wcze\u015bniej ze szczepem &#8222;Swaro\u017cyca&#8221;, przysz\u0142\u0105 dru\u017cynow\u0105 rozwijaj\u0105cej si\u0119 dru\u017cyny \u017ce\u0144skiej. Na okres ten przypada ponad to stan najwi\u0119kszej liczebno\u015bci 29 DH &#8222;Arnhem&#8221;. Liczyli\u015bmy wtedy 30 harcerzy w 5 zast\u0119pach. Jest to rezultat wytrwa\u0142ej i ci\u0119\u017ckiej pracy ostatnich 2 lat. Pojawi\u0142 si\u0119 wtedy problem regulacji stosunk\u00f3w pomi\u0119dzy obiema dru\u017cynami. Kadra 29 DH &#8222;Arnhem&#8221; celowo, nauczona do\u015bwiadczeniami &#8222;rozsypania&#8221; si\u0119 szczepu &#8222;D\u0119bnickiego&#8221;, stara si\u0119 nie doprowadzi\u0107 do tworzenia i reaktywowania szczepu. Niestety poprzez tak stanowcze decyzje nie udaje si\u0119 doprowadzi\u0107 do wsp\u00f3lnego wyjazdu na ob\u00f3z w 1993 roku do Nowej Kiszewy. Dziewczyny jad\u0105 razem ze &#8222;Swaro\u017cycem&#8221;. Jednocze\u015bnie ju\u017c wtedy zauwa\u017cy\u0107 mo\u017cna nieunikniona tend\u0119cj\u0119 &#8222;starzenia&#8221; si\u0119 dru\u017cyny. Wi\u0119kszo\u015b\u0107 harcerzy wychowanych ju\u017c przecie\u017c przez 29-t\u0105, b\u0119dzie musia\u0142a odej\u015b\u0107 ze szko\u0142y nr 110, w kt\u00f3rej wyro\u015bli. Coraz bardziej nieodzowne staje si\u0119 powo\u0142anie dru\u017cyny starszoharcerskej, a co za tym idzie podzia\u0142u kadry.<\/p>\n<p dir=\"ltr\">Po obozie w Nowej Kiszewie w 1993 roku nazwanym Jamboree, na kt\u00f3rym to starali\u015bmy si\u0119 si\u0119gn\u0105\u0107 do korzeni scoutingu w og\u00f3le, rozkazem nr 1\/93\/94, komendant hufca powo\u0142uje do \u017cycia 29 Dru\u017cyn\u0119 Harcerzy Starszych, kt\u00f3rej dru\u017cynowym zostaje Marcin Konior pwd., czyli ten kt\u00f3remu 29 DH &#8222;Arnhem&#8221; zawdzi\u0119cza byt. Dru\u017cynowym 29 DH m\u0142odszych &#8222;Arnhem&#8221; zostaje Marcin Zygmuntowicz i wraz ze swym przybocznym, kwatermistrzem Jackiem Koniorem, kontynuuj\u0105 tradycj\u0119 tej dru\u017cyny.<\/p>\n<p dir=\"ltr\">Decyzj\u0105 rad obu dru\u017cyn m\u0119skich, na skutek powstania gromady zuchowej (dru\u017cynowa Katarzyna G\u0142uszy\u0144ska pwd. &#8211; sprowadzona z HKN-u, przyboczny Maciej K\u0142aczy\u0144ski), zdecydowano doprowadzi\u0107 w naszym \u015brodowisku, co wyra\u017ca si\u0119 chod\u017a by przez wsp\u00f3lny wyjazd na ob\u00f3z w roku 1994. W przysz\u0142o\u015bci zamierzmy r\u00f3wnie\u017c powo\u0142a\u0107 Zwi\u0105zek Dru\u017cyn 29-tych, do konsultowania wa\u017cnych dla wszystkich spraw.<\/p>\n<p dir=\"ltr\">Do chwili obecnej tj. IV 1994 roku tylko dru\u017cyna harcerzy m\u0142odszych jest prawnym spadkobierc\u0105 nazwy i maj\u0105tku po 29 DH &#8222;Arnhem&#8221;. W rzeczywisto\u015bci jednak dru\u017cyna harcerzy starszych ma takie samo, a nawet i wi\u0119ksze prawo moralne do tej nazwy i bohatera. Obie dru\u017cyny czuj\u0105 si\u0119 zwi\u0105zane z gen. St. F. Sosabowskim i nazwa &#8222;Arnhem&#8221;.<\/p>\n<p dir=\"ltr\"><strong>Opracowa\u0142:<br \/><\/strong><strong>Dru\u017cynowy 29 DH &#8222;Arnhem&#8221;<br \/><\/strong><strong>pwd. Marcin Zygmuntowicz HO<br \/><\/strong><strong>kwiecie\u0144 1994<\/strong><\/p>\n<h2 dir=\"ltr\">Komendanci szczepu:<\/h2>\n<ul>\n<li>hm. Janusz Francuz (1970-1973)<\/li>\n<li>hm. Janusz Komorowski (1973-1975)<\/li>\n<li>pwd. Marek G\u00f3rny (1975-1976)<\/li>\n<li>hm. Krystyna Ma\u0142odobry (1976-1978)<\/li>\n<li>phm. Micha\u0142 Trya\u0144ski (1979-1980)<\/li>\n<li>hm. Eleanora Urbaniec (1981-1983)<\/li>\n<li>hm. Zbigniew Urbaniec (1983-1990)<\/li>\n<\/ul>\n<h1 dir=\"ltr\">PO ROKU 1994<\/h1>\n<h2 dir=\"ltr\">1995<\/h2>\n<p dir=\"ltr\">W 1995 roku 29-dru\u017cyny, wraz z 5 Pg DH-ek, jad\u0105 na wsp\u00f3lny ob\u00f3z do Gwdy Wielkiej. Po tym\u017ce obozie nast\u0119puj\u0105 kolejne zmiany kadrowe, dru\u017cynowym 29 DH &#8222;Arnhem&#8221; zostaje Rafa\u0142 Znachowski \u0107wik, jego przybocznym Bart\u0142omiej Chy\u017cy \u0107wik, a na stanowisku kwatermistrza pozostaje Jacek Konior pwd (IX 1995). Podobnie w 29 Gromadzie Zuchowej, nowym dru\u017cynowym zostaje dotychczasowy przyboczny, Maciej K\u0142aczy\u0144ski pwd (IX 1994). W pa\u017adzierniku 1995 roku powstaje nowa jednostka organizacyjna, mianowicie Kr\u0105g Instruktorski przy 29 DH &#8222;Arnhem&#8221;, skupiaj\u0105cy wszystkich instruktor\u00f3w 29-tych dru\u017cyn. Jego &#8222;szefem&#8221; zostaje Jacek Konior phm.<\/p>\n<h2 dir=\"ltr\">1996<\/h2>\n<p dir=\"ltr\">We wrze\u015bniu 1996 zostaje rozwi\u0105zana 29 DHS &#8222;Arnhem&#8221;, na wniosek Rady Dru\u017cyny. W tym\u017ce roku udajemy si\u0119 kolejny raz do Gwdy Wielkiej na HAL. Zacie\u015bniamy wsp\u00f3\u0142prac\u0119 z 5 Pg DH-ek oraz szczepem &#8222;Dzieci Pioruna&#8221;.<\/p>\n<h2 dir=\"ltr\">1997<\/h2>\n<p dir=\"ltr\">W 1997 roku jedziemy w liczbie 65 os\u00f3b na ob\u00f3z do Nowego Orzechowa (wraz z 5 Pg DH-ek oraz 8 Pg DH), po kt\u00f3rym to nowym dru\u017cynowym harcerskim zostaje Maciej K\u0142aczy\u0144ski pwd. Gromada Zuchow\u0105 opiekuje si\u0119 odt\u0105d Katarzyna Jele\u0144, sprowadzona specjalnie z szczepu &#8222;S\u0142oneczne Wzg\u00f3rza&#8221; z Nowej Huty, a jej przybocznym zostaje Marcin Chrobak.<\/p>\n<h2 dir=\"ltr\">1998<\/h2>\n<p dir=\"ltr\">W sierpniu 1998 roku 29-dru\u017cyny harcerskie, wraz z 5 Pg DH-ek, jad\u0105 na wsp\u00f3lny ob\u00f3z do Starego Wierzchowa. Wrze\u015bniu 1998 to kolejne zmiany; z dotyczasowych funkcji w dru\u017cynie zostaj\u0105 zwolnieni: phm Jacek Konior (wieloletni przyboczny i kwatermistrz dru\u017cyny), phm Marcin Konior (dru\u017cynowy 29 DH &#8222;Arnhem&#8221; w latach 1989-1994, przyboczny) oraz pwd Marcin Zygmuntowicz (dru\u017cynowy 29 DH &#8222;Arnhem&#8221; w latach 1994-1996, przyboczny). Nowymi przybocznym w 29 DH &#8222;Arnhem&#8221; zostaje mianowany \u0141ukasz B\u0105k wyw. oraz Maciej Mika m\u0142. Na wniosek Rady 29 Dru\u017cyn Harcerskich nast\u0119puje fuzja 29 DH &#8222;Arnhem&#8221; i 9 DH &#8222;Driel&#8221; &#8211; 9 DH zostaje wcielona do 29 DH Dotychczasowa kadra obu dru\u017cyn pozostaje w Kr\u0119gu Instruktorskim przy 29-tych Dru\u017cynach Harcerskich.<br class=\"kix-line-break\" \/>R\u00f3wnie\u017c we wrze\u015bniu zorganizowali\u015bmy dwie wycieczki w g\u00f3ry (Koskowa G\u00f3ra, Maciejowa G\u00f3ra) oraz dwudniowy zaci\u0105g z noclegiem na terenie boiska S.P.110. Uczestniczyli\u015bmy czynnie w Inauguracji Roku Harcerskiego Hufc\u00f3w Miasta Krakowa (27.IX.1998) organizuj\u0105c Gr\u0119 &#8222;Desant&#8221;. 18-19 pa\u017adziernika odby\u0142 si\u0119, z naszym udzia\u0142em jubileuszowy XL Jesienny Z\u0142az Hufca Krak\u00f3w &#8211; Podg\u00f3rze w Niepo\u0142omicach k. Krakowa. 19 grudnia 1998 r. uczestniczyli\u015bmy w uroczysto\u015bci przekazania \u015awiate\u0142ka Betlejemskiego w ko\u015bciele Mariackim. Otrzymane od s\u0142owackich skaut\u00f3w \u015bwiat\u0142o roznie\u015bli\u015bmy do naszych dom\u00f3w oraz D\u0119bnickich ko\u015bcio\u0142\u00f3w.<\/p>\n<h2 dir=\"ltr\">1999<\/h2>\n<p dir=\"ltr\">W lutym 1999, podczas ferii zimowych wyjechali\u015bmy wraz z 5 KDH &#8222;Huragan&#8221; (Szczep &#8222;Dzieci Pioruna&#8221;) oraz 5 Pg DH-ek i 29 Pg DH-ek &#8222;Oman&#8221; na wycieczk\u0119 do Ustrzyk Dolnych (3 -12 II).<br class=\"kix-line-break\" \/>W maju 1999 uczestniczymy w &#8222;HARCBACIE &#8217;99&#8221; organizowanym przez 14 Mieleck\u0105 DH &#8222;HADES&#8221; w dniach 14 &#8211; 16 V 1999 w Mielcu. Zajeli\u015bmy wraz z 5 Pg DH-ek drugie miejsce w og\u00f3lnej klasyfikacji. 25 kwietnia 1999 r. podczas Wiosennego Przegl\u0105du Hufca zobowi\u0105zanie instruktorskie z\u0142o\u017cy\u0142 dh Bart\u0142omiej Chy\u017cy oraz dh. Renata Stramek i dh. Magdalena Wo\u0142kowska do\u0142\u0105czaj\u0105c tym samym do braci naszego Kr\u0119gu Instruktorskiego. 15 czerwca byli\u015bmy obecni na Eucharystii z Janem Paw\u0142em II na Krakowskich B\u0142oniach.<br class=\"kix-line-break\" \/>Wakacje 1999 sp\u0119dzili\u015bmy na obozie w Samoci\u0105\u017cku k. Koronowa wraz z 5 Pg DH-ek &#8222;Eastwick&#8221; i 12 Szczepem &#8222;Preria&#8221; w liczbie 81 uczestnik\u00f3w<\/p>\n\n\n<p><\/p>\n","protected":false},"excerpt":{"rendered":"<p>Pocz\u0105tki Od pocz\u0105tku szko\u0142y nr 110 w 1967 roku, przez dwa lata nie powsta\u0142a przy niej \u017cadna dru\u017cyna harcerska. Ktokolwiek chcia\u0142 zaanga\u017cowa\u0107 si\u0119 w \u017cycie harcerzy kierowa\u0142 si\u0119 do szczepu &#8222;B\u00f3r&#8221; dzia\u0142aj\u0105cego przy szkole nr 30. W 1969 roku powsta\u0142y pierwsze dwie dru\u017cyny zuchowe, a druhna Krystyna Ma\u0142odobry w tym samym czasie za\u0142o\u017cy\u0142a dru\u017cyn\u0119 harcerek. [&hellip;]<\/p>\n","protected":false},"author":1,"featured_media":400,"parent":147,"menu_order":0,"comment_status":"closed","ping_status":"closed","template":"","meta":{"footnotes":""},"class_list":["post-151","page","type-page","status-publish","has-post-thumbnail","hentry"],"_links":{"self":[{"href":"https:\/\/www.bractwo.krakowpodgorze.zhp.pl\/index.php\/wp-json\/wp\/v2\/pages\/151","targetHints":{"allow":["GET"]}}],"collection":[{"href":"https:\/\/www.bractwo.krakowpodgorze.zhp.pl\/index.php\/wp-json\/wp\/v2\/pages"}],"about":[{"href":"https:\/\/www.bractwo.krakowpodgorze.zhp.pl\/index.php\/wp-json\/wp\/v2\/types\/page"}],"author":[{"embeddable":true,"href":"https:\/\/www.bractwo.krakowpodgorze.zhp.pl\/index.php\/wp-json\/wp\/v2\/users\/1"}],"replies":[{"embeddable":true,"href":"https:\/\/www.bractwo.krakowpodgorze.zhp.pl\/index.php\/wp-json\/wp\/v2\/comments?post=151"}],"version-history":[{"count":5,"href":"https:\/\/www.bractwo.krakowpodgorze.zhp.pl\/index.php\/wp-json\/wp\/v2\/pages\/151\/revisions"}],"predecessor-version":[{"id":1791,"href":"https:\/\/www.bractwo.krakowpodgorze.zhp.pl\/index.php\/wp-json\/wp\/v2\/pages\/151\/revisions\/1791"}],"up":[{"embeddable":true,"href":"https:\/\/www.bractwo.krakowpodgorze.zhp.pl\/index.php\/wp-json\/wp\/v2\/pages\/147"}],"wp:featuredmedia":[{"embeddable":true,"href":"https:\/\/www.bractwo.krakowpodgorze.zhp.pl\/index.php\/wp-json\/wp\/v2\/media\/400"}],"wp:attachment":[{"href":"https:\/\/www.bractwo.krakowpodgorze.zhp.pl\/index.php\/wp-json\/wp\/v2\/media?parent=151"}],"curies":[{"name":"wp","href":"https:\/\/api.w.org\/{rel}","templated":true}]}}