{"id":16,"date":"2015-04-18T15:23:15","date_gmt":"2015-04-18T13:23:15","guid":{"rendered":"http:\/\/localhost\/wordpress\/?page_id=16"},"modified":"2025-12-20T20:56:52","modified_gmt":"2025-12-20T19:56:52","slug":"druzyny-i-gromady","status":"publish","type":"page","link":"https:\/\/www.bractwo.krakowpodgorze.zhp.pl\/index.php\/druzyny-i-gromady\/","title":{"rendered":"Dru\u017cyny i gromady"},"content":{"rendered":"\n<p>W <a href=\"http:\/\/localhost\/wordpress\/?page_id=62\">Zwi\u0105zku 5-tych i 29-tych Dru\u017cyn Harcerskich &#8222;Bractwo&#8221;<\/a> dzia\u0142a obecnie 6 jednostek:<\/p>\n\n\n\n<h3 class=\"wp-block-heading\" style=\"margin-top:0;margin-bottom:0\">Gromady Zuchowe<\/h3>\n\n\n\n<p class=\"has-small-font-size\">KLASY 1-3 SZKO\u0141Y PODSTAWOWEJ<\/p>\n\n\n\n<div class=\"wp-block-group is-horizontal is-layout-flex wp-block-group-is-layout-flex\">\n<div class=\"wp-block-group has-custom-ty-ciemny-background-color has-background wp-container-content-9cfa9a5a is-nowrap is-layout-flex wp-container-core-group-is-layout-911a4333 wp-block-group-is-layout-flex\" style=\"border-style:none;border-width:0px;border-radius:10px;min-height:2px;margin-top:0;margin-bottom:0;padding-top:0;padding-bottom:0\">\n<figure class=\"wp-block-image size-full is-resized\"><a href=\"http:\/\/www.bractwo.krakowpodgorze.zhp.pl\/wp-content\/uploads\/2023\/09\/Zuchy.png\"><img loading=\"lazy\" decoding=\"async\" width=\"568\" height=\"568\" src=\"http:\/\/www.bractwo.krakowpodgorze.zhp.pl\/wp-content\/uploads\/2023\/09\/Zuchy.png\" alt=\"\" class=\"wp-image-1450\" style=\"width:64px;height:auto\" srcset=\"https:\/\/www.bractwo.krakowpodgorze.zhp.pl\/wp-content\/uploads\/2023\/09\/Zuchy.png 568w, https:\/\/www.bractwo.krakowpodgorze.zhp.pl\/wp-content\/uploads\/2023\/09\/Zuchy-300x300.png 300w, https:\/\/www.bractwo.krakowpodgorze.zhp.pl\/wp-content\/uploads\/2023\/09\/Zuchy-150x150.png 150w\" sizes=\"auto, (max-width: 568px) 100vw, 568px\" \/><\/a><\/figure>\n\n\n\n<h4 class=\"wp-block-heading has-text-align-center has-base-color has-text-color has-link-color has-medium-font-size wp-elements-5c886c5d354d3e8293cc87e03dd70950 wp-container-content-9cfa9a5a\" style=\"border-radius:0px\"><a href=\"http:\/\/www.bractwo.krakowpodgorze.zhp.pl\/index.php\/druzyny-i-gromady\/29-podgorska-gromada-zuchowa-jamanije\/\">5 Podg\u00f3rska Gromada Zuchowa<\/a><br><a href=\"http:\/\/www.bractwo.krakowpodgorze.zhp.pl\/index.php\/druzyny-i-gromady\/29-podgorska-gromada-zuchowa-jamanije\/\">&#8222;Magiczne Zuchy&#8221;<\/a><\/h4>\n<\/div>\n\n\n\n<p class=\"has-text-align-center has-small-font-size wp-container-content-9cfa9a5a\">ZBI\u00d3RKI ODBYWAJ\u0104 SI\u0118 W SZKOLE PODSTAWOWEJ NR 29 W KRAKOWIE<br>UL. E. DEMBOWSKIEGO 12<\/p>\n<\/div>\n\n\n\n<div class=\"wp-block-group has-base-color has-custom-ty-ciemny-background-color has-text-color has-background has-link-color wp-elements-da34b27bdcabde9ba2eeff826baff045 wp-container-content-9cfa9a5a is-nowrap is-layout-flex wp-container-core-group-is-layout-6c531013 wp-block-group-is-layout-flex\" style=\"border-radius:10px\">\n<figure class=\"wp-block-image size-full is-resized\"><a href=\"http:\/\/www.bractwo.krakowpodgorze.zhp.pl\/wp-content\/uploads\/2023\/09\/Zuchy.png\"><img loading=\"lazy\" decoding=\"async\" width=\"568\" height=\"568\" src=\"http:\/\/www.bractwo.krakowpodgorze.zhp.pl\/wp-content\/uploads\/2023\/09\/Zuchy.png\" alt=\"\" class=\"wp-image-1450\" style=\"width:64px;height:auto\" srcset=\"https:\/\/www.bractwo.krakowpodgorze.zhp.pl\/wp-content\/uploads\/2023\/09\/Zuchy.png 568w, https:\/\/www.bractwo.krakowpodgorze.zhp.pl\/wp-content\/uploads\/2023\/09\/Zuchy-300x300.png 300w, https:\/\/www.bractwo.krakowpodgorze.zhp.pl\/wp-content\/uploads\/2023\/09\/Zuchy-150x150.png 150w\" sizes=\"auto, (max-width: 568px) 100vw, 568px\" \/><\/a><\/figure>\n\n\n\n<h4 class=\"wp-block-heading has-text-align-center has-medium-font-size wp-container-content-9cfa9a5a\"><a href=\"http:\/\/www.bractwo.krakowpodgorze.zhp.pl\/index.php\/druzyny-i-gromady\/29-podgorska-gromada-zuchowa-jamanije\/\"><\/a><a href=\"https:\/\/www.bractwo.krakowpodgorze.zhp.pl\/index.php\/druzyny-i-gromady\/jamanije\/\" data-type=\"page\" data-id=\"18\">29 Podg\u00f3rska Gromada Zuchowa<\/a><br><a href=\"https:\/\/www.bractwo.krakowpodgorze.zhp.pl\/index.php\/druzyny-i-gromady\/jamanije\/\" data-type=\"page\" data-id=\"18\">&#8222;Jamanije&#8221;<\/a><\/h4>\n<\/div>\n\n\n\n<p class=\"has-text-align-center has-small-font-size\">DZIA\u0141A PRZY SZKO\u0141ACH PODSTAWOWYCH NR 30 I 110<br>ZBI\u00d3RKI ODBYWAJ\u0104 SI\u0118 W SZKOLE PODSTAWOWEJ NR 110 W KRAKOWIE<br>UL. SKWEROWA 3<\/p>\n\n\n\n<h3 class=\"wp-block-heading\">Dru\u017cyny Harcerskie<\/h3>\n\n\n\n<p class=\"has-small-font-size\">KLASY 4-6 SZKO\u0141Y PODSTAWOWEJ<\/p>\n\n\n\n<div class=\"wp-block-group has-base-color has-custom-zielony-podstawowy-background-color has-text-color has-background has-link-color wp-elements-e9808c011d1c7464ca01788dad9dd68f is-content-justification-left is-nowrap is-layout-flex wp-container-core-group-is-layout-fc9f69e7 wp-block-group-is-layout-flex\" style=\"border-radius:10px\">\n<figure class=\"wp-block-image size-full is-resized\"><a href=\"http:\/\/www.bractwo.krakowpodgorze.zhp.pl\/wp-content\/uploads\/2023\/09\/Harcerze.png\"><img loading=\"lazy\" decoding=\"async\" width=\"568\" height=\"568\" src=\"http:\/\/www.bractwo.krakowpodgorze.zhp.pl\/wp-content\/uploads\/2023\/09\/Harcerze.png\" alt=\"\" class=\"wp-image-1448\" style=\"width:64px;height:auto\" srcset=\"https:\/\/www.bractwo.krakowpodgorze.zhp.pl\/wp-content\/uploads\/2023\/09\/Harcerze.png 568w, https:\/\/www.bractwo.krakowpodgorze.zhp.pl\/wp-content\/uploads\/2023\/09\/Harcerze-300x300.png 300w, https:\/\/www.bractwo.krakowpodgorze.zhp.pl\/wp-content\/uploads\/2023\/09\/Harcerze-150x150.png 150w\" sizes=\"auto, (max-width: 568px) 100vw, 568px\" \/><\/a><\/figure>\n\n\n\n<h4 class=\"wp-block-heading has-text-align-center has-medium-font-size wp-container-content-9cfa9a5a\"><a href=\"https:\/\/www.bractwo.krakowpodgorze.zhp.pl\/index.php\/druzyny-i-gromady\/eastwick\/\" data-type=\"page\" data-id=\"49\">5 Podg\u00f3rska Dru\u017cyna Harcerska<br>&#8222;Eastwick&#8221;<\/a><br><a href=\"https:\/\/www.bractwo.krakowpodgorze.zhp.pl\/index.php\/druzyny-i-gromady\/eastwick\/\" data-type=\"page\" data-id=\"49\">im. Zawiszy Czarnego<\/a><\/h4>\n<\/div>\n\n\n\n<p class=\"has-text-align-center has-small-font-size\">ZBI\u00d3RKI ODBYWAJ\u0104 SI\u0118 W SZKOLE PODSTAWOWEJ NR 29 W KRAKOWIE<br>UL. E. DEMBOWSKIEGO 12<\/p>\n\n\n\n<div class=\"wp-block-group has-base-color has-custom-zielony-podstawowy-background-color has-text-color has-background has-link-color wp-elements-22df90871011d004a9224d4c0106121d is-content-justification-left is-nowrap is-layout-flex wp-container-core-group-is-layout-fc9f69e7 wp-block-group-is-layout-flex\" style=\"border-radius:10px\">\n<figure class=\"wp-block-image size-full is-resized\"><a href=\"http:\/\/www.bractwo.krakowpodgorze.zhp.pl\/wp-content\/uploads\/2023\/09\/Harcerze.png\"><img loading=\"lazy\" decoding=\"async\" width=\"568\" height=\"568\" src=\"http:\/\/www.bractwo.krakowpodgorze.zhp.pl\/wp-content\/uploads\/2023\/09\/Harcerze.png\" alt=\"\" class=\"wp-image-1448\" style=\"width:64px;height:auto\" srcset=\"https:\/\/www.bractwo.krakowpodgorze.zhp.pl\/wp-content\/uploads\/2023\/09\/Harcerze.png 568w, https:\/\/www.bractwo.krakowpodgorze.zhp.pl\/wp-content\/uploads\/2023\/09\/Harcerze-300x300.png 300w, https:\/\/www.bractwo.krakowpodgorze.zhp.pl\/wp-content\/uploads\/2023\/09\/Harcerze-150x150.png 150w\" sizes=\"auto, (max-width: 568px) 100vw, 568px\" \/><\/a><\/figure>\n\n\n\n<h4 class=\"wp-block-heading has-text-align-center has-medium-font-size wp-container-content-9cfa9a5a\"><a href=\"https:\/\/www.bractwo.krakowpodgorze.zhp.pl\/index.php\/druzyny-i-gromady\/oman\/\" data-type=\"page\" data-id=\"578\">29 Podg\u00f3rska Dru\u017cyna Harcerska<br>&#8222;OMAN&#8221; <br>im. hm. Olgi Drahonowskiej-Ma\u0142kowskiej<\/a><\/h4>\n<\/div>\n\n\n\n<p class=\"has-text-align-center has-small-font-size\">DZIA\u0141A PRZY SZKO\u0141ACH PODSTAWOWYCH NR 26, 30 I 110<br>ZBI\u00d3RKI ODBYWAJ\u0104 SI\u0118 WED\u0141UG HARMONOGRAMU NA PODSTRONIE DRU\u017bYNY<br>UL. I. KRASICKIEGO 34 \/ UL. SKWEROWA 3<\/p>\n\n\n\n<h3 class=\"wp-block-heading\">Dru\u017cyna Starszoharcersko-W\u0119drownicza<\/h3>\n\n\n\n<p class=\"has-small-font-size\">OD 7. KLASY SZKO\u0141Y PODSTAWOWEJ<\/p>\n\n\n\n<div class=\"wp-block-group has-base-color has-text-color has-background has-link-color wp-elements-5e4c51da606326ed8a42f1a4255def2e is-nowrap is-layout-flex wp-container-core-group-is-layout-6c531013 wp-block-group-is-layout-flex\" style=\"border-radius:10px;background:linear-gradient(135deg,rgb(38,180,230) 1%,rgb(155,16,6) 100%)\">\n<figure class=\"wp-block-image size-large is-resized\"><a href=\"https:\/\/www.bractwo.krakowpodgorze.zhp.pl\/wp-content\/uploads\/2023\/09\/Harcerzestarsi.png\"><img loading=\"lazy\" decoding=\"async\" width=\"568\" height=\"568\" src=\"https:\/\/www.bractwo.krakowpodgorze.zhp.pl\/wp-content\/uploads\/2023\/09\/Harcerzestarsi.png\" alt=\"\" class=\"wp-image-1449\" style=\"width:64px;height:auto\" srcset=\"https:\/\/www.bractwo.krakowpodgorze.zhp.pl\/wp-content\/uploads\/2023\/09\/Harcerzestarsi.png 568w, https:\/\/www.bractwo.krakowpodgorze.zhp.pl\/wp-content\/uploads\/2023\/09\/Harcerzestarsi-300x300.png 300w, https:\/\/www.bractwo.krakowpodgorze.zhp.pl\/wp-content\/uploads\/2023\/09\/Harcerzestarsi-150x150.png 150w\" sizes=\"auto, (max-width: 568px) 100vw, 568px\" \/><\/a><\/figure>\n\n\n\n<h4 class=\"wp-block-heading has-text-align-center has-medium-font-size wp-container-content-9cfa9a5a\"><a href=\"https:\/\/www.bractwo.krakowpodgorze.zhp.pl\/index.php\/druzyny-i-gromady\/eastwick\/\" data-type=\"page\" data-id=\"49\"><\/a><a href=\"http:\/\/www.bractwo.krakowpodgorze.zhp.pl\/index.php\/druzyny-i-gromady\/5-pg-dhs-fuzja\/\">295 Podg\u00f3rska Dru\u017cyna Wielopoziomowa &#8222;Fuzja&#8221;<\/a><\/h4>\n\n\n\n<figure class=\"wp-block-image size-large is-resized\"><a href=\"https:\/\/www.bractwo.krakowpodgorze.zhp.pl\/wp-content\/uploads\/2023\/09\/Wedrownicy.png\"><img loading=\"lazy\" decoding=\"async\" width=\"568\" height=\"568\" src=\"https:\/\/www.bractwo.krakowpodgorze.zhp.pl\/wp-content\/uploads\/2023\/09\/Wedrownicy.png\" alt=\"\" class=\"wp-image-1451\" style=\"width:64px\" srcset=\"https:\/\/www.bractwo.krakowpodgorze.zhp.pl\/wp-content\/uploads\/2023\/09\/Wedrownicy.png 568w, https:\/\/www.bractwo.krakowpodgorze.zhp.pl\/wp-content\/uploads\/2023\/09\/Wedrownicy-300x300.png 300w, https:\/\/www.bractwo.krakowpodgorze.zhp.pl\/wp-content\/uploads\/2023\/09\/Wedrownicy-150x150.png 150w\" sizes=\"auto, (max-width: 568px) 100vw, 568px\" \/><\/a><\/figure>\n<\/div>\n\n\n\n<p class=\"has-text-align-center has-small-font-size\">ZBI\u00d3RKI ODBYWAJ\u0104 SI\u0118 WED\u0141UG USTALONEGO HARMONOGRAMU W SZKOLE PODSTAWOWEJ NR 29 W KRAKOWIE<br>UL. E. DEMBOWSKIEGO 12<\/p>\n\n\n\n<h3 class=\"wp-block-heading\">Kr\u0105g instruktorski<\/h3>\n\n\n\n<div class=\"wp-block-group has-custom-szary-ciemny-background-color has-background is-content-justification-left is-nowrap is-layout-flex wp-container-core-group-is-layout-fc9f69e7 wp-block-group-is-layout-flex\" style=\"border-top-left-radius:10px;border-top-right-radius:10px;border-bottom-left-radius:10px;border-bottom-right-radius:10px\">\n<figure class=\"wp-block-image size-full is-resized\"><a href=\"http:\/\/www.bractwo.krakowpodgorze.zhp.pl\/wp-content\/uploads\/2025\/07\/Instruktorzy.png\"><img loading=\"lazy\" decoding=\"async\" width=\"756\" height=\"756\" src=\"http:\/\/www.bractwo.krakowpodgorze.zhp.pl\/wp-content\/uploads\/2025\/07\/Instruktorzy.png\" alt=\"\" class=\"wp-image-1772\" style=\"width:64px;height:auto\" srcset=\"https:\/\/www.bractwo.krakowpodgorze.zhp.pl\/wp-content\/uploads\/2025\/07\/Instruktorzy.png 756w, https:\/\/www.bractwo.krakowpodgorze.zhp.pl\/wp-content\/uploads\/2025\/07\/Instruktorzy-300x300.png 300w, https:\/\/www.bractwo.krakowpodgorze.zhp.pl\/wp-content\/uploads\/2025\/07\/Instruktorzy-150x150.png 150w\" sizes=\"auto, (max-width: 756px) 100vw, 756px\" \/><\/a><\/figure>\n\n\n\n<h4 class=\"wp-block-heading has-text-align-center has-base-color has-text-color has-link-color has-medium-font-size wp-elements-717aac56587b8e732933ef07b5caa2cc wp-container-content-9cfa9a5a\"><a href=\"https:\/\/www.bractwo.krakowpodgorze.zhp.pl\/index.php\/druzyny-i-gromady\/eastwick\/\" data-type=\"page\" data-id=\"49\"><\/a><a href=\"http:\/\/www.bractwo.krakowpodgorze.zhp.pl\/index.php\/druzyny-i-gromady\/5-pg-dhs-fuzja\/\"><\/a><a href=\"http:\/\/www.bractwo.krakowpodgorze.zhp.pl\/index.php\/druzyny-i-gromady\/ki-brotherhood\/\">Kr\u0105g Instruktorski &#8222;Brotherhood&#8221;<\/a><\/h4>\n<\/div>\n\n\n\n<p class=\"has-text-align-center has-small-font-size\">KR\u0104G ZRZESZA INSTRUKTORKI I INSTRUKTOR\u00d3W ZDH &#8222;BRACTWO&#8221;<\/p>\n","protected":false},"excerpt":{"rendered":"<p>W Zwi\u0105zku 5-tych i 29-tych Dru\u017cyn Harcerskich &#8222;Bractwo&#8221; dzia\u0142a obecnie 6 jednostek: Gromady Zuchowe KLASY 1-3 SZKO\u0141Y PODSTAWOWEJ 5 Podg\u00f3rska Gromada Zuchowa&#8222;Magiczne Zuchy&#8221; ZBI\u00d3RKI ODBYWAJ\u0104 SI\u0118 W SZKOLE PODSTAWOWEJ NR 29 W KRAKOWIEUL. E. DEMBOWSKIEGO 12 29 Podg\u00f3rska Gromada Zuchowa&#8222;Jamanije&#8221; DZIA\u0141A PRZY SZKO\u0141ACH PODSTAWOWYCH NR 30 I 110ZBI\u00d3RKI ODBYWAJ\u0104 SI\u0118 W SZKOLE PODSTAWOWEJ NR 110 [&hellip;]<\/p>\n","protected":false},"author":1,"featured_media":1052,"parent":0,"menu_order":0,"comment_status":"closed","ping_status":"closed","template":"","meta":{"footnotes":""},"class_list":["post-16","page","type-page","status-publish","has-post-thumbnail","hentry"],"_links":{"self":[{"href":"https:\/\/www.bractwo.krakowpodgorze.zhp.pl\/index.php\/wp-json\/wp\/v2\/pages\/16","targetHints":{"allow":["GET"]}}],"collection":[{"href":"https:\/\/www.bractwo.krakowpodgorze.zhp.pl\/index.php\/wp-json\/wp\/v2\/pages"}],"about":[{"href":"https:\/\/www.bractwo.krakowpodgorze.zhp.pl\/index.php\/wp-json\/wp\/v2\/types\/page"}],"author":[{"embeddable":true,"href":"https:\/\/www.bractwo.krakowpodgorze.zhp.pl\/index.php\/wp-json\/wp\/v2\/users\/1"}],"replies":[{"embeddable":true,"href":"https:\/\/www.bractwo.krakowpodgorze.zhp.pl\/index.php\/wp-json\/wp\/v2\/comments?post=16"}],"version-history":[{"count":27,"href":"https:\/\/www.bractwo.krakowpodgorze.zhp.pl\/index.php\/wp-json\/wp\/v2\/pages\/16\/revisions"}],"predecessor-version":[{"id":1920,"href":"https:\/\/www.bractwo.krakowpodgorze.zhp.pl\/index.php\/wp-json\/wp\/v2\/pages\/16\/revisions\/1920"}],"wp:featuredmedia":[{"embeddable":true,"href":"https:\/\/www.bractwo.krakowpodgorze.zhp.pl\/index.php\/wp-json\/wp\/v2\/media\/1052"}],"wp:attachment":[{"href":"https:\/\/www.bractwo.krakowpodgorze.zhp.pl\/index.php\/wp-json\/wp\/v2\/media?parent=16"}],"curies":[{"name":"wp","href":"https:\/\/api.w.org\/{rel}","templated":true}]}}