{"id":18,"date":"2015-04-18T15:35:35","date_gmt":"2015-04-18T13:35:35","guid":{"rendered":"http:\/\/localhost\/wordpress\/?page_id=18"},"modified":"2025-09-26T15:27:53","modified_gmt":"2025-09-26T13:27:53","slug":"jamanije","status":"publish","type":"page","link":"https:\/\/www.bractwo.krakowpodgorze.zhp.pl\/index.php\/druzyny-i-gromady\/jamanije\/","title":{"rendered":"29 Podg\u00f3rska Gromada Zuchowa &#8222;Jamanije&#8221;"},"content":{"rendered":"\n<figure class=\"wp-block-image size-large has-custom-border\"><a href=\"http:\/\/www.bractwo.krakowpodgorze.zhp.pl\/wp-content\/uploads\/2019\/09\/IMG_2508.jpg\"><img loading=\"lazy\" decoding=\"async\" width=\"1024\" height=\"683\" src=\"http:\/\/www.bractwo.krakowpodgorze.zhp.pl\/wp-content\/uploads\/2019\/09\/IMG_2508-1024x683.jpg\" alt=\"\" class=\"wp-image-1034\" style=\"border-radius:20px;aspect-ratio:16\/9;object-fit:cover\" srcset=\"https:\/\/www.bractwo.krakowpodgorze.zhp.pl\/wp-content\/uploads\/2019\/09\/IMG_2508-1024x683.jpg 1024w, https:\/\/www.bractwo.krakowpodgorze.zhp.pl\/wp-content\/uploads\/2019\/09\/IMG_2508-300x200.jpg 300w, https:\/\/www.bractwo.krakowpodgorze.zhp.pl\/wp-content\/uploads\/2019\/09\/IMG_2508-768x512.jpg 768w\" sizes=\"auto, (max-width: 1024px) 100vw, 1024px\" \/><\/a><\/figure>\n\n\n\n<h2 class=\"wp-block-heading\" id=\"kadra\">Kadra:<\/h2>\n\n\n\n<p><strong>Dru\u017cynowy:<\/strong>&nbsp;phm. Maciej Kurek &#8211; <a href=\"mailto:maciej.kurek@zhp.net.pl\">maciej.kurek@zhp.pl<\/a>, <a href=\"tel:+48515487002\">+48 515 487 002<\/a><br><strong>Przyboczna:<\/strong> tro. Liliana Jasik &#8211; <a href=\"mailto:liliana.jasik@zhp.net.pl\">liliana.jasik@zhp.pl<\/a><br><strong>Przyboczna:<\/strong> tro. Weronika Zaionc &#8211; <a href=\"mailto:weronika.zaionc@zhp.pl\">weronika.zaionc@zhp.pl<\/a><br><strong>Przyboczna:<\/strong> dh Hanna Mikusek &#8211; <a href=\"mailto:hanna.mikusek@zhp.pl\">hanna.mikusek@zhp.pl<\/a><\/p>\n\n\n\n<h2 class=\"wp-block-heading\" id=\"o-nas\">O nas:<\/h2>\n\n\n\n<p>29 PgGZ jest koedukacyjn\u0105 gromad\u0105 zuchow\u0105 nale\u017c\u0105c\u0105 do Zwi\u0105zku Dru\u017cyn Harcerskich &#8222;BRACTWO&#8221;, przy Hufcu ZHP Krak\u00f3w-Podg\u00f3rze. Gromada dzia\u0142a przy Szkole Podstawowej nr 110 w Krakowie oraz przy Szkole Podstawowej nr 30 w Krakowie i zrzesza uczni\u00f3w klas 1-3.<\/p>\n\n\n\n<h2 class=\"wp-block-heading\" id=\"zbiorki\">Zbi\u00f3rki:<\/h2>\n\n\n\n<p>Zbi\u00f3rki w roku 2025\/26 odbywaj\u0105 si\u0119 we \u015brody od 16:30 do 18:00 w harc\u00f3wce w SP110 w Krakowie (ul. Skwerowa 3). <\/p>\n\n\n\n<p>Pierwsza zbi\u00f3rka odb\u0119dzie si\u0119 24 wrze\u015bnia.<\/p>\n\n\n\n<p>Spotkanie dla rodzic\u00f3w odb\u0119dzie si\u0119 1 pa\u017adziernika o 18:00 (po zbi\u00f3rce).<\/p>\n\n\n\n<div class=\"wp-block-buttons is-layout-flex wp-block-buttons-is-layout-flex\">\n<div class=\"wp-block-button\"><a class=\"wp-block-button__link wp-element-button\" href=\"https:\/\/forms.office.com\/e\/XP1RBwWHeu\">Formularz zapisu<\/a><\/div>\n<\/div>\n\n\n\n<h3 class=\"wp-block-heading\">Wa\u017cne terminy<\/h3>\n\n\n\n<ul class=\"wp-block-list\">\n<li>17-19 pa\u017adziernika\/18 pa\u017adziernika &#8211; Rajd Urodzinowy ZDH &#8222;Bractwo&#8221; &#8211; biwak lub gra terenowa<\/li>\n\n\n\n<li>1 listopada &#8211; akcja chor\u0105giewka\/znicz<\/li>\n<\/ul>\n","protected":false},"excerpt":{"rendered":"<p>Kadra: Dru\u017cynowy:&nbsp;phm. Maciej Kurek &#8211; maciej.kurek@zhp.pl, +48 515 487 002Przyboczna: tro. Liliana Jasik &#8211; liliana.jasik@zhp.plPrzyboczna: tro. Weronika Zaionc &#8211; weronika.zaionc@zhp.plPrzyboczna: dh Hanna Mikusek &#8211; hanna.mikusek@zhp.pl O nas: 29 PgGZ jest koedukacyjn\u0105 gromad\u0105 zuchow\u0105 nale\u017c\u0105c\u0105 do Zwi\u0105zku Dru\u017cyn Harcerskich &#8222;BRACTWO&#8221;, przy Hufcu ZHP Krak\u00f3w-Podg\u00f3rze. Gromada dzia\u0142a przy Szkole Podstawowej nr 110 w Krakowie oraz przy Szkole [&hellip;]<\/p>\n","protected":false},"author":1,"featured_media":1034,"parent":16,"menu_order":0,"comment_status":"closed","ping_status":"open","template":"","meta":{"footnotes":""},"class_list":["post-18","page","type-page","status-publish","has-post-thumbnail","hentry"],"_links":{"self":[{"href":"https:\/\/www.bractwo.krakowpodgorze.zhp.pl\/index.php\/wp-json\/wp\/v2\/pages\/18","targetHints":{"allow":["GET"]}}],"collection":[{"href":"https:\/\/www.bractwo.krakowpodgorze.zhp.pl\/index.php\/wp-json\/wp\/v2\/pages"}],"about":[{"href":"https:\/\/www.bractwo.krakowpodgorze.zhp.pl\/index.php\/wp-json\/wp\/v2\/types\/page"}],"author":[{"embeddable":true,"href":"https:\/\/www.bractwo.krakowpodgorze.zhp.pl\/index.php\/wp-json\/wp\/v2\/users\/1"}],"replies":[{"embeddable":true,"href":"https:\/\/www.bractwo.krakowpodgorze.zhp.pl\/index.php\/wp-json\/wp\/v2\/comments?post=18"}],"version-history":[{"count":44,"href":"https:\/\/www.bractwo.krakowpodgorze.zhp.pl\/index.php\/wp-json\/wp\/v2\/pages\/18\/revisions"}],"predecessor-version":[{"id":1869,"href":"https:\/\/www.bractwo.krakowpodgorze.zhp.pl\/index.php\/wp-json\/wp\/v2\/pages\/18\/revisions\/1869"}],"up":[{"embeddable":true,"href":"https:\/\/www.bractwo.krakowpodgorze.zhp.pl\/index.php\/wp-json\/wp\/v2\/pages\/16"}],"wp:featuredmedia":[{"embeddable":true,"href":"https:\/\/www.bractwo.krakowpodgorze.zhp.pl\/index.php\/wp-json\/wp\/v2\/media\/1034"}],"wp:attachment":[{"href":"https:\/\/www.bractwo.krakowpodgorze.zhp.pl\/index.php\/wp-json\/wp\/v2\/media?parent=18"}],"curies":[{"name":"wp","href":"https:\/\/api.w.org\/{rel}","templated":true}]}}