{"id":330,"date":"2015-05-05T19:44:38","date_gmt":"2015-05-05T17:44:38","guid":{"rendered":"http:\/\/localhost\/wordpress\/?page_id=330"},"modified":"2015-09-05T13:53:08","modified_gmt":"2015-09-05T11:53:08","slug":"proba-wedrownicza","status":"publish","type":"page","link":"https:\/\/www.bractwo.krakowpodgorze.zhp.pl\/index.php\/wedrownictwo\/proba-wedrownicza\/","title":{"rendered":"Pr\u00f3ba w\u0119drownicza"},"content":{"rendered":"<blockquote><p><center><em>&#8222;Horyzont dla w\u0119drownika nigdy nie jest ko\u0144cem w\u0119dr\u00f3wki, mo\u017ce by\u0107 tylko jednym z etap\u00f3w.&#8221;<\/em><\/center><\/p><\/blockquote>\n<p>1 wrze\u015bnia 2003\u00a0roku wesz\u0142y w \u017cycie nowe grupy wiekowe. W\u0119drownictwo sta\u0142o si\u0119 zn\u00f3w realn\u0105 cz\u0119\u015bci\u0105 harcerskiego ci\u0105gu wychowawczego. Mo\u017cna by rzec, \u017ce wola Ruchu zosta\u0142a odegrana, i \u017ce nasz okr\u0119t dop\u0142yn\u0105\u0142 do portu przeznaczenia. Jednak\u017ce ci\u0119zka praca tak na prawde le\u017cy przed nami. Teraz musimy zadba\u0107 o to, aby idee w\u0119drownictwa dosi\u0119gn\u0119\u0142y wszystkich zak\u0105tk\u00f3w Polski, aby uporz\u0105dkowane ju\u017c informacje mo\u017cna by\u0142o otrzyma\u0107 w ka\u017cdym hufcu. Aby \u015brodowiska w\u0119drownicze w ca\u0142ej Polsce pracowa\u0142y nad sob\u0105, s\u0142u\u017cy\u0142y innym i szuka\u0142y miejsca w spo\u0142ecze\u0144stwie. Aby wsp\u00f3\u0142pracowa\u0142y ze sob\u0105, aby dru\u017cynowi w\u0119drowniczy mogli otrzymywa\u0107 konkretne i wysokie w swoim poziomie szkolenie z metodyki w\u0119drowniczej.<\/p>\n<p>Pr\u00f3b\u0119 w\u0119drownicz\u0105\u00a0przechodzi ka\u017cdy, kto chce zosta\u0107 w\u0119drownikiem. Oznacza to, \u017ce jest ona sta\u0142ym elementem wej\u015bcia do grupy w\u0119drownik\u00f3w, niezale\u017cnie od tego, czy mamy do czynienia z przechodzeniem wewn\u0105trz dru\u017cyny wielopoziomowej, przej\u015bciem mi\u0119dzy dru\u017cynami (starszoharcersk\u0105 i w\u0119drownicz\u0105), czy te\u017c odbywa j\u0105 osoba przychodz\u0105ca do harcerstwa. Celem pr\u00f3by jest umo\u017cliwienie harcerzowi \u015bwiadomego funkcjonowania w zespole w\u0119drowniczym. Powinna ona trwa\u0107 nie d\u0142u\u017cej ni\u017c 6 miesi\u0119cy.<\/p>\n<p>&#8212;&#8212;&#8212;-<\/p>\n<p>WYMAGANIA PRZYK\u0141ADOWEJ PR\u00d3BY W\u0118DROWNICZEJ:<br \/>\n&#8211; rozumiem, do czego zobowi\u0105zuje mnie Kodeks w\u0119drowniczy.<br \/>\n&#8211; znam symbolik\u0119 W\u0119drowniczej watry.<br \/>\n&#8211; wykona\u0142em przynajmniej jedno zadanie o charakterze wyczynu.<br \/>\n&#8211; podj\u0105\u0142em si\u0119 sta\u0142ej s\u0142u\u017cby na rzecz \u015brodowiska dzia\u0142ania.<br \/>\n&#8211; znam konstytucj\u0119 dru\u017cyny w\u0119drowniczej, do kt\u00f3rej nale\u017c\u0119, jej histori\u0119 i bohatera.<\/p>\n<p>Jaka powinna by\u0107 pr\u00f3ba w\u0119drownicza?<\/p>\n<p>1. Wymagania pr\u00f3by w\u0119drowniczej s\u0105 tworzone w konkretnym \u015brodowisku, najcz\u0119\u015bciej w dru\u017cynie. Je\u017celi zachodzi taka potrzeba &#8211; wsp\u00f3lne wymagania mo\u017cna wypracowa\u0107 w szczepie, ewentualnie w hufcu. Wymaga to jednak porozumienia si\u0119 wszystkich dru\u017cyn w\u0119drowniczych.<\/p>\n<p>2. Najwa\u017cniejsz\u0105 cz\u0119\u015bci\u0105 pr\u00f3by s\u0105 wymagania zwi\u0105zane ze specyfik\u0105 w\u0119drownictwa. Dzi\u0119ki nim kandydat na w\u0119drownika ma pozna\u0107 idee s\u0142u\u017cby i wyczynu, kodeks w\u0119drowniczy, symbolik\u0119 w\u0119drownicz\u0105. Wszystko to pozwoli mu zrozumie\u0107 miejsce w\u0119drownika w organizacji.<\/p>\n<p>3. Je\u017celi pr\u00f3ba w\u0119drownicza wi\u0105\u017ce si\u0119 z przej\u015bciem do nowej dru\u017cyny, to powinna zawiera\u0107 wymagania zwi\u0105zane z konkretn\u0105 dru\u017cyn\u0105 w\u0119drownicz\u0105 (konstytucja, historia, bohater).<\/p>\n<p>Zadania, kt\u00f3re realizowane s\u0105 w ramach ka\u017cdej pr\u00f3by w\u0119drowniczej, maj\u0105 stwarza\u0107 pole do samodoskonalenia i powinny by\u0107 w du\u017cej cz\u0119\u015bci samodzielnie okre\u015blane przez odbywaj\u0105cego pr\u00f3b\u0119. Da to mo\u017cliwo\u015b\u0107 przygotowania si\u0119 do zdobywania stopni HO i HR.<\/p>\n<p>Dla os\u00f3b wst\u0119puj\u0105cych do ZHP po uko\u0144czeniu szesnastego roku \u017cycia pr\u00f3ba w\u0119drownicza jest uzupe\u0142niana o pr\u00f3b\u0119 harcerki\/harcerza. Pr\u00f3ba ta zawiera wiedz\u0119 o harcerstwie niezb\u0119dn\u0105 do tego, by \u015bwiadomie zdecydowa\u0107 o tym, czy chce si\u0119 zosta\u0107 harcerzem &#8211; cz\u0142onkiem ZHP. W takim przypadku zako\u0144czenie pr\u00f3by w\u0119drowniczej jest jednoznaczne z dopuszczeniem do z\u0142o\u017cenia Przyrzeczenia Harcerskiego.<\/p>\n<p>Jak wprowadzi\u0107 pr\u00f3b\u0119 w\u0119drownicz\u0105 w waszej dru\u017cynie?<\/p>\n<p>Przede wszystkim trzeba gruntownie zapozna\u0107 si\u0119 z zasadami metodyki w\u0119drowniczej. Najmniejszym wysi\u0142kiem b\u0119dzie zapoznanie si\u0119 z broszur\u0105 metodyczn\u0105 oraz materia\u0142ami w prasie harcerskiej i na stronach internetowych. Jednak najlepiej, je\u015bli kadra dru\u017cyny przejdzie szkolenie prowadzone przez komend\u0119 chor\u0105gwi (takie szkolenia odb\u0119d\u0105 si\u0119 w wi\u0119kszo\u015bci chor\u0105gwi jeszcze jesieni\u0105). Je\u017celi posi\u0105dziecie ju\u017c niezb\u0119dn\u0105 wiedz\u0119, trzeba zastanowi\u0107 si\u0119 nad wymaganiami pr\u00f3by w\u0119drowniczej w waszej dru\u017cynie. Opracowuj\u0105c j\u0105 pami\u0119tajcie, by pr\u00f3ba da\u0142a si\u0119 zrealizowa\u0107 w 6 miesi\u0119cy (nawet ta uzupe\u0142niona o pr\u00f3b\u0119 harcerza\/harcerki). Zastan\u00f3wcie si\u0119 te\u017c, jak ma wygl\u0105da\u0107 w waszej dru\u017cynie wr\u0119czenie naramiennika w\u0119drowniczego. Je\u017celi w dru\u017cynie nikt nie ma jeszcze naramiennika &#8211; zwr\u00f3\u0107cie si\u0119 z tym problemem do referatu chor\u0105gwianego.<\/p>\n<p>PR\u00d3BA W\u0118DROWNICZA DLA KADRY ZUCHOWEJ&#8230;<\/p>\n<p>Jak ma wygl\u0105da\u0107 taka pr\u00f3ba dla cz\u0142onk\u00f3w kadry zuchowej i harcerskiej, kt\u00f3rzy maj\u0105 16 lat i chc\u0105 zdobywa\u0107 HO, a w szczepie nie ma dru\u017cyny w\u0119drowniczej? Osoby w wieku w\u0119drowniczym stanowi\u0105ce kadr\u0119 zuchow\u0105 i harcersk\u0105 powinny pracowa\u0107 w zespo\u0142ach r\u00f3wie\u015bniczych zapewniaj\u0105cych im wsparcie i mo\u017cliwo\u015b\u0107 rozwoju. Takimi zespo\u0142ami s\u0105 kr\u0119gi instruktorskie, namiestnictwa, rady szczep\u00f3w itp. Praca z m\u0142od\u0105 kadr\u0105 prowadzona w tych zespo\u0142ach powinna opiera\u0107 si\u0119 na metodyce w\u0119drowniczej. W zwi\u0105zku z tym, dru\u017cynowi i przyboczni nienale\u017c\u0105cy do dru\u017cyn w\u0119drowniczych powinni sw\u00f3j naramiennik zdobywa\u0107 w takich w\u0142a\u015bnie zespo\u0142ach.<\/p>\n<p><span class=\"small\">THX for&#8230; hm. Ryszard Polaszewski Kierownik Wydzia\u0142u W\u0119drowniczego GK ZHP<\/span><\/p>\n","protected":false},"excerpt":{"rendered":"<p>&#8222;Horyzont dla w\u0119drownika nigdy nie jest ko\u0144cem w\u0119dr\u00f3wki, mo\u017ce by\u0107 tylko jednym z etap\u00f3w.&#8221; 1 wrze\u015bnia 2003\u00a0roku wesz\u0142y w \u017cycie nowe grupy wiekowe. W\u0119drownictwo sta\u0142o si\u0119 zn\u00f3w realn\u0105 cz\u0119\u015bci\u0105 harcerskiego ci\u0105gu wychowawczego. Mo\u017cna by rzec, \u017ce wola Ruchu zosta\u0142a odegrana, i \u017ce nasz okr\u0119t dop\u0142yn\u0105\u0142 do portu przeznaczenia. Jednak\u017ce ci\u0119zka praca tak na prawde le\u017cy [&hellip;]<\/p>\n","protected":false},"author":1,"featured_media":410,"parent":320,"menu_order":0,"comment_status":"closed","ping_status":"closed","template":"","meta":{"footnotes":""},"class_list":["post-330","page","type-page","status-publish","has-post-thumbnail","hentry"],"_links":{"self":[{"href":"https:\/\/www.bractwo.krakowpodgorze.zhp.pl\/index.php\/wp-json\/wp\/v2\/pages\/330","targetHints":{"allow":["GET"]}}],"collection":[{"href":"https:\/\/www.bractwo.krakowpodgorze.zhp.pl\/index.php\/wp-json\/wp\/v2\/pages"}],"about":[{"href":"https:\/\/www.bractwo.krakowpodgorze.zhp.pl\/index.php\/wp-json\/wp\/v2\/types\/page"}],"author":[{"embeddable":true,"href":"https:\/\/www.bractwo.krakowpodgorze.zhp.pl\/index.php\/wp-json\/wp\/v2\/users\/1"}],"replies":[{"embeddable":true,"href":"https:\/\/www.bractwo.krakowpodgorze.zhp.pl\/index.php\/wp-json\/wp\/v2\/comments?post=330"}],"version-history":[{"count":1,"href":"https:\/\/www.bractwo.krakowpodgorze.zhp.pl\/index.php\/wp-json\/wp\/v2\/pages\/330\/revisions"}],"predecessor-version":[{"id":503,"href":"https:\/\/www.bractwo.krakowpodgorze.zhp.pl\/index.php\/wp-json\/wp\/v2\/pages\/330\/revisions\/503"}],"up":[{"embeddable":true,"href":"https:\/\/www.bractwo.krakowpodgorze.zhp.pl\/index.php\/wp-json\/wp\/v2\/pages\/320"}],"wp:featuredmedia":[{"embeddable":true,"href":"https:\/\/www.bractwo.krakowpodgorze.zhp.pl\/index.php\/wp-json\/wp\/v2\/media\/410"}],"wp:attachment":[{"href":"https:\/\/www.bractwo.krakowpodgorze.zhp.pl\/index.php\/wp-json\/wp\/v2\/media?parent=330"}],"curies":[{"name":"wp","href":"https:\/\/api.w.org\/{rel}","templated":true}]}}