{"id":49,"date":"2015-04-18T22:09:12","date_gmt":"2015-04-18T20:09:12","guid":{"rendered":"http:\/\/localhost\/wordpress\/?page_id=49"},"modified":"2026-03-08T22:19:09","modified_gmt":"2026-03-08T21:19:09","slug":"eastwick","status":"publish","type":"page","link":"https:\/\/www.bractwo.krakowpodgorze.zhp.pl\/index.php\/druzyny-i-gromady\/eastwick\/","title":{"rendered":"5\u00a0Podg\u00f3rska Dru\u017cyna Harcerska\u00a0&#8222;Eastwick&#8221; im. Zawiszy Czarnego"},"content":{"rendered":"\n<h1 class=\"wp-block-heading\">Kadra:<figure><a href=\"http:\/\/www.bractwo.krakowpodgorze.zhp.pl\/wp-content\/uploads\/2015\/06\/witch.png\"><img loading=\"lazy\" decoding=\"async\" class=\"size-full wp-image-425 alignright\" src=\"http:\/\/www.bractwo.krakowpodgorze.zhp.pl\/wp-content\/uploads\/2015\/06\/witch.png\" alt=\"\" width=\"100\" height=\"100\"><\/a><\/figure><\/h1>\n\n\n\n<p>Dru\u017cynowa: phm. Julia Dragan &#8211; <a href=\"mailto:julia.dragan@zhp.pl\">julia.dragan@zhp.pl<\/a><br>Przyboczna: HO \u0141ucja Kozio\u0142 &#8211; <a href=\"lucja.koziol@zhp.pl\">lucja.koziol@zhp.pl<\/a><br>Przyboczna: dh. Jagoda Lulewicz &#8211; <a href=\"mailto:jagoda.lulewicz@zhp.pl\">jagoda.lulewicz@zhp.pl<\/a><br>Przyboczny: dh. Ignacy Wilk &#8211; <a href=\"mailto:ignacy.wilk@zhp.pl\">ignacy.wilk@zhp.pl<\/a><\/p>\n\n\n\n<h2 class=\"wp-block-heading\">O nas:<\/h2>\n\n\n\n<p>5 Pg DH &#8222;Eastwick&#8221; jest koedukacyjn\u0105 dru\u017cyn\u0105 harcersk\u0105, nale\u017c\u0105c\u0105 do Zwi\u0105zku Dru\u017cyn Harcerskich &#8222;BRACTWO&#8221;, przy Hufcu ZHP Krak\u00f3w &#8211; Podg\u00f3rze. Dru\u017cyna dzia\u0142a przy Szkole Podstawowej nr 29 (ul.Dembowskiego 12) w Krakowie &#8211; Podg\u00f3rzu i zrzesza harcerzy z klas 4-6. Dru\u017cyna ma obrz\u0119dowo\u015b\u0107 zwi\u0105zan\u0105 z magi\u0105 oraz rycerstwem.<\/p>\n\n\n\n<h2 class=\"wp-block-heading\">Zbi\u00f3rki:<\/h2>\n\n\n\n<p>Zbi\u00f3rki odbywaj\u0105 si\u0119 si\u0119 w \u015brody od godz. 18:30 do godz. 20:00 w harc\u00f3wce w SP nr 29 (ul. Dembowskiego 12) w Krakowie.<\/p>\n","protected":false},"excerpt":{"rendered":"<p>Kadra: Dru\u017cynowa: phm. Julia Dragan &#8211; julia.dragan@zhp.plPrzyboczna: HO \u0141ucja Kozio\u0142 &#8211; lucja.koziol@zhp.plPrzyboczna: dh. Jagoda Lulewicz &#8211; jagoda.lulewicz@zhp.plPrzyboczny: dh. Ignacy Wilk &#8211; ignacy.wilk@zhp.pl O nas: 5 Pg DH &#8222;Eastwick&#8221; jest koedukacyjn\u0105 dru\u017cyn\u0105 harcersk\u0105, nale\u017c\u0105c\u0105 do Zwi\u0105zku Dru\u017cyn Harcerskich &#8222;BRACTWO&#8221;, przy Hufcu ZHP Krak\u00f3w &#8211; Podg\u00f3rze. Dru\u017cyna dzia\u0142a przy Szkole Podstawowej nr 29 (ul.Dembowskiego 12) w Krakowie [&hellip;]<\/p>\n","protected":false},"author":1,"featured_media":1033,"parent":16,"menu_order":0,"comment_status":"closed","ping_status":"open","template":"","meta":{"footnotes":""},"class_list":["post-49","page","type-page","status-publish","has-post-thumbnail","hentry"],"_links":{"self":[{"href":"https:\/\/www.bractwo.krakowpodgorze.zhp.pl\/index.php\/wp-json\/wp\/v2\/pages\/49","targetHints":{"allow":["GET"]}}],"collection":[{"href":"https:\/\/www.bractwo.krakowpodgorze.zhp.pl\/index.php\/wp-json\/wp\/v2\/pages"}],"about":[{"href":"https:\/\/www.bractwo.krakowpodgorze.zhp.pl\/index.php\/wp-json\/wp\/v2\/types\/page"}],"author":[{"embeddable":true,"href":"https:\/\/www.bractwo.krakowpodgorze.zhp.pl\/index.php\/wp-json\/wp\/v2\/users\/1"}],"replies":[{"embeddable":true,"href":"https:\/\/www.bractwo.krakowpodgorze.zhp.pl\/index.php\/wp-json\/wp\/v2\/comments?post=49"}],"version-history":[{"count":31,"href":"https:\/\/www.bractwo.krakowpodgorze.zhp.pl\/index.php\/wp-json\/wp\/v2\/pages\/49\/revisions"}],"predecessor-version":[{"id":1944,"href":"https:\/\/www.bractwo.krakowpodgorze.zhp.pl\/index.php\/wp-json\/wp\/v2\/pages\/49\/revisions\/1944"}],"up":[{"embeddable":true,"href":"https:\/\/www.bractwo.krakowpodgorze.zhp.pl\/index.php\/wp-json\/wp\/v2\/pages\/16"}],"wp:featuredmedia":[{"embeddable":true,"href":"https:\/\/www.bractwo.krakowpodgorze.zhp.pl\/index.php\/wp-json\/wp\/v2\/media\/1033"}],"wp:attachment":[{"href":"https:\/\/www.bractwo.krakowpodgorze.zhp.pl\/index.php\/wp-json\/wp\/v2\/media?parent=49"}],"curies":[{"name":"wp","href":"https:\/\/api.w.org\/{rel}","templated":true}]}}