{"id":51,"date":"2015-04-18T22:14:54","date_gmt":"2015-04-18T20:14:54","guid":{"rendered":"http:\/\/localhost\/wordpress\/?page_id=51"},"modified":"2026-03-08T22:19:46","modified_gmt":"2026-03-08T21:19:46","slug":"fuzja","status":"publish","type":"page","link":"https:\/\/www.bractwo.krakowpodgorze.zhp.pl\/index.php\/druzyny-i-gromady\/fuzja\/","title":{"rendered":"295 Podg\u00f3rska Dru\u017cyna Wielopoziomowa &#8222;Fuzja&#8221;"},"content":{"rendered":"\n<h2 class=\"wp-block-heading ui-sortable-handle\">Kadra<\/h2>\n\n\n\n<p class=\"ui-sortable-handle\">Dru\u017cynowa: pwd. Klaudia Krawcewicz &#8211; <a href=\"mailto:klaudia.krawcewicz@zhp.pl\">klaudia.krawcewicz@zhp.pl<\/a><br>Przyboczny: dh Filip Krochmal &#8211; <a href=\"mailto:filip.krochmal@zhp.pl\">filip.krochmal@zhp.pl<\/a><\/p>\n\n\n\n<h2 class=\"wp-block-heading ui-sortable-handle\">O nas<\/h2>\n\n\n\n<p class=\"ui-sortable-handle\">Fuzja jest koedukacyjn\u0105 dru\u017cyn\u0105 starszoharcersko-w\u0119drownicz\u0105. Dru\u017cyna ma zbi\u00f3rki przy Szkole Podstawowej nr 29 w Krakowie &#8211; Podg\u00f3rzu i zrzesza harcerzy starszych i w\u0119drownik\u00f3w (od klasy 7) z ca\u0142ego ZDH &#8222;Bractwo&#8221;.<\/p>\n\n\n\n<h2 class=\"wp-block-heading ui-sortable-handle\">Zbi\u00f3rki<\/h2>\n\n\n\n<p class=\"ui-sortable-handle\">Zbi\u00f3rki odbywaj\u0105 si\u0119 co drugi tydzie\u0144 we wtorki lub \u015brody w godz. 18:30 &#8211; 20:00 w SP29.<\/p>\n","protected":false},"excerpt":{"rendered":"<p>Kadra Dru\u017cynowa: pwd. Klaudia Krawcewicz &#8211; klaudia.krawcewicz@zhp.plPrzyboczny: dh Filip Krochmal &#8211; filip.krochmal@zhp.pl O nas Fuzja jest koedukacyjn\u0105 dru\u017cyn\u0105 starszoharcersko-w\u0119drownicz\u0105. Dru\u017cyna ma zbi\u00f3rki przy Szkole Podstawowej nr 29 w Krakowie &#8211; Podg\u00f3rzu i zrzesza harcerzy starszych i w\u0119drownik\u00f3w (od klasy 7) z ca\u0142ego ZDH &#8222;Bractwo&#8221;. Zbi\u00f3rki Zbi\u00f3rki odbywaj\u0105 si\u0119 co drugi tydzie\u0144 we wtorki lub \u015brody [&hellip;]<\/p>\n","protected":false},"author":1,"featured_media":957,"parent":16,"menu_order":0,"comment_status":"closed","ping_status":"closed","template":"","meta":{"footnotes":""},"class_list":["post-51","page","type-page","status-publish","has-post-thumbnail","hentry"],"_links":{"self":[{"href":"https:\/\/www.bractwo.krakowpodgorze.zhp.pl\/index.php\/wp-json\/wp\/v2\/pages\/51","targetHints":{"allow":["GET"]}}],"collection":[{"href":"https:\/\/www.bractwo.krakowpodgorze.zhp.pl\/index.php\/wp-json\/wp\/v2\/pages"}],"about":[{"href":"https:\/\/www.bractwo.krakowpodgorze.zhp.pl\/index.php\/wp-json\/wp\/v2\/types\/page"}],"author":[{"embeddable":true,"href":"https:\/\/www.bractwo.krakowpodgorze.zhp.pl\/index.php\/wp-json\/wp\/v2\/users\/1"}],"replies":[{"embeddable":true,"href":"https:\/\/www.bractwo.krakowpodgorze.zhp.pl\/index.php\/wp-json\/wp\/v2\/comments?post=51"}],"version-history":[{"count":22,"href":"https:\/\/www.bractwo.krakowpodgorze.zhp.pl\/index.php\/wp-json\/wp\/v2\/pages\/51\/revisions"}],"predecessor-version":[{"id":1945,"href":"https:\/\/www.bractwo.krakowpodgorze.zhp.pl\/index.php\/wp-json\/wp\/v2\/pages\/51\/revisions\/1945"}],"up":[{"embeddable":true,"href":"https:\/\/www.bractwo.krakowpodgorze.zhp.pl\/index.php\/wp-json\/wp\/v2\/pages\/16"}],"wp:featuredmedia":[{"embeddable":true,"href":"https:\/\/www.bractwo.krakowpodgorze.zhp.pl\/index.php\/wp-json\/wp\/v2\/media\/957"}],"wp:attachment":[{"href":"https:\/\/www.bractwo.krakowpodgorze.zhp.pl\/index.php\/wp-json\/wp\/v2\/media?parent=51"}],"curies":[{"name":"wp","href":"https:\/\/api.w.org\/{rel}","templated":true}]}}