{"id":521,"date":"2015-10-13T12:11:28","date_gmt":"2015-10-13T10:11:28","guid":{"rendered":"http:\/\/www.bractwo.krakowpodgorze.zhp.pl\/?page_id=521"},"modified":"2026-03-08T22:20:20","modified_gmt":"2026-03-08T21:20:20","slug":"ki-brotherhood","status":"publish","type":"page","link":"https:\/\/www.bractwo.krakowpodgorze.zhp.pl\/index.php\/druzyny-i-gromady\/ki-brotherhood\/","title":{"rendered":"KI &#8222;Brotherhood&#8221;"},"content":{"rendered":"\n<figure class=\"wp-block-image aligncenter size-large is-resized\"><a href=\"http:\/\/www.bractwo.krakowpodgorze.zhp.pl\/wp-content\/uploads\/2015\/10\/12006444_903469899746968_7309187010070086584_o.jpg\"><img loading=\"lazy\" decoding=\"async\" width=\"1024\" height=\"638\" src=\"http:\/\/www.bractwo.krakowpodgorze.zhp.pl\/wp-content\/uploads\/2015\/10\/12006444_903469899746968_7309187010070086584_o-1024x638.jpg\" alt=\"\" class=\"wp-image-523\" style=\"width:276px;height:auto\" srcset=\"https:\/\/www.bractwo.krakowpodgorze.zhp.pl\/wp-content\/uploads\/2015\/10\/12006444_903469899746968_7309187010070086584_o-1024x638.jpg 1024w, https:\/\/www.bractwo.krakowpodgorze.zhp.pl\/wp-content\/uploads\/2015\/10\/12006444_903469899746968_7309187010070086584_o-300x187.jpg 300w, https:\/\/www.bractwo.krakowpodgorze.zhp.pl\/wp-content\/uploads\/2015\/10\/12006444_903469899746968_7309187010070086584_o.jpg 2048w\" sizes=\"auto, (max-width: 1024px) 100vw, 1024px\" \/><\/a><\/figure>\n\n\n\n<h2 class=\"wp-block-heading has-large-font-size\">Kadra:<\/h2>\n\n\n\n<p>Komendant: phm. Jacek Kulig &#8211; <a href=\"mailto:jacek.kulig@zhp.pl\">jacek.kulig@zhp.pl<\/a><\/p>\n\n\n\n<h2 class=\"wp-block-heading has-large-font-size\">O nas:<\/h2>\n\n\n\n<p>Kr\u0105g instruktorski &#8222;Brotherhood&#8221; zrzesza instruktor\u00f3w dzia\u0142aj\u0105cych w ZDH &#8222;Bractwo&#8221;. Powo\u0142any zosta\u0142 5 pa\u017adziernika 2015 roku, rozkazem komendantki hufca L.19\/2015.<\/p>\n","protected":false},"excerpt":{"rendered":"<p>Kadra: Komendant: phm. Jacek Kulig &#8211; jacek.kulig@zhp.pl O nas: Kr\u0105g instruktorski &#8222;Brotherhood&#8221; zrzesza instruktor\u00f3w dzia\u0142aj\u0105cych w ZDH &#8222;Bractwo&#8221;. Powo\u0142any zosta\u0142 5 pa\u017adziernika 2015 roku, rozkazem komendantki hufca L.19\/2015.<\/p>\n","protected":false},"author":1,"featured_media":786,"parent":16,"menu_order":0,"comment_status":"closed","ping_status":"closed","template":"","meta":{"footnotes":""},"class_list":["post-521","page","type-page","status-publish","has-post-thumbnail","hentry"],"_links":{"self":[{"href":"https:\/\/www.bractwo.krakowpodgorze.zhp.pl\/index.php\/wp-json\/wp\/v2\/pages\/521","targetHints":{"allow":["GET"]}}],"collection":[{"href":"https:\/\/www.bractwo.krakowpodgorze.zhp.pl\/index.php\/wp-json\/wp\/v2\/pages"}],"about":[{"href":"https:\/\/www.bractwo.krakowpodgorze.zhp.pl\/index.php\/wp-json\/wp\/v2\/types\/page"}],"author":[{"embeddable":true,"href":"https:\/\/www.bractwo.krakowpodgorze.zhp.pl\/index.php\/wp-json\/wp\/v2\/users\/1"}],"replies":[{"embeddable":true,"href":"https:\/\/www.bractwo.krakowpodgorze.zhp.pl\/index.php\/wp-json\/wp\/v2\/comments?post=521"}],"version-history":[{"count":9,"href":"https:\/\/www.bractwo.krakowpodgorze.zhp.pl\/index.php\/wp-json\/wp\/v2\/pages\/521\/revisions"}],"predecessor-version":[{"id":1946,"href":"https:\/\/www.bractwo.krakowpodgorze.zhp.pl\/index.php\/wp-json\/wp\/v2\/pages\/521\/revisions\/1946"}],"up":[{"embeddable":true,"href":"https:\/\/www.bractwo.krakowpodgorze.zhp.pl\/index.php\/wp-json\/wp\/v2\/pages\/16"}],"wp:featuredmedia":[{"embeddable":true,"href":"https:\/\/www.bractwo.krakowpodgorze.zhp.pl\/index.php\/wp-json\/wp\/v2\/media\/786"}],"wp:attachment":[{"href":"https:\/\/www.bractwo.krakowpodgorze.zhp.pl\/index.php\/wp-json\/wp\/v2\/media?parent=521"}],"curies":[{"name":"wp","href":"https:\/\/api.w.org\/{rel}","templated":true}]}}