{"id":578,"date":"2016-09-14T15:18:25","date_gmt":"2016-09-14T13:18:25","guid":{"rendered":"http:\/\/www.bractwo.krakowpodgorze.zhp.pl\/?page_id=578"},"modified":"2025-12-05T10:04:44","modified_gmt":"2025-12-05T09:04:44","slug":"oman","status":"publish","type":"page","link":"https:\/\/www.bractwo.krakowpodgorze.zhp.pl\/index.php\/druzyny-i-gromady\/oman\/","title":{"rendered":"29 Podg\u00f3rska Dru\u017cyna Harcerska &#8222;OMAN&#8221; im. hm. Olgi Drahonowskiej-Ma\u0142kowskiej"},"content":{"rendered":"\n<figure class=\"wp-block-image size-large has-custom-border\"><a href=\"http:\/\/www.bractwo.krakowpodgorze.zhp.pl\/wp-content\/uploads\/2023\/11\/oman-logo.png\"><img loading=\"lazy\" decoding=\"async\" width=\"1024\" height=\"1024\" src=\"http:\/\/www.bractwo.krakowpodgorze.zhp.pl\/wp-content\/uploads\/2023\/11\/oman-logo-1024x1024.png\" alt=\"\" class=\"wp-image-1555\" style=\"border-radius:20px\" srcset=\"https:\/\/www.bractwo.krakowpodgorze.zhp.pl\/wp-content\/uploads\/2023\/11\/oman-logo-1024x1024.png 1024w, https:\/\/www.bractwo.krakowpodgorze.zhp.pl\/wp-content\/uploads\/2023\/11\/oman-logo-300x300.png 300w, https:\/\/www.bractwo.krakowpodgorze.zhp.pl\/wp-content\/uploads\/2023\/11\/oman-logo-150x150.png 150w, https:\/\/www.bractwo.krakowpodgorze.zhp.pl\/wp-content\/uploads\/2023\/11\/oman-logo-768x768.png 768w, https:\/\/www.bractwo.krakowpodgorze.zhp.pl\/wp-content\/uploads\/2023\/11\/oman-logo-1536x1536.png 1536w, https:\/\/www.bractwo.krakowpodgorze.zhp.pl\/wp-content\/uploads\/2023\/11\/oman-logo.png 2048w\" sizes=\"auto, (max-width: 1024px) 100vw, 1024px\" \/><\/a><\/figure>\n\n\n\n<h2 class=\"wp-block-heading\" id=\"kadra\">Kadra<\/h2>\n\n\n\n<p>Dru\u017cynowy: phm. Maciej Kurek &#8211; <a href=\"mailto:maciej.kurek@zhp.net.pl\">maciej.kurek@zhp.pl<\/a>, <a href=\"tel:+48515487002\">+48 515 487 002<\/a><br>Przyboczny: dh. Jan Pipa\u0142a &#8211; <a href=\"mailto:jan.pipala@zhp.pl\">jan.pipala@zhp.pl<\/a><br>Przyboczna: dh. Julia Aleksandrowicz &#8211; <a href=\"mailto:julia.aleksandrowicz@zhp.pl\">julia.aleksandrowicz@zhp.pl<\/a><\/p>\n\n\n\n<figure class=\"wp-block-image size-large has-custom-border\"><a href=\"http:\/\/www.bractwo.krakowpodgorze.zhp.pl\/wp-content\/uploads\/2018\/10\/20181020_151943.jpg\"><img loading=\"lazy\" decoding=\"async\" width=\"1024\" height=\"765\" src=\"http:\/\/www.bractwo.krakowpodgorze.zhp.pl\/wp-content\/uploads\/2018\/10\/20181020_151943-1024x765.jpg\" alt=\"\" class=\"wp-image-812\" style=\"border-radius:20px\" srcset=\"https:\/\/www.bractwo.krakowpodgorze.zhp.pl\/wp-content\/uploads\/2018\/10\/20181020_151943-1024x765.jpg 1024w, https:\/\/www.bractwo.krakowpodgorze.zhp.pl\/wp-content\/uploads\/2018\/10\/20181020_151943-300x224.jpg 300w, https:\/\/www.bractwo.krakowpodgorze.zhp.pl\/wp-content\/uploads\/2018\/10\/20181020_151943-768x574.jpg 768w\" sizes=\"auto, (max-width: 1024px) 100vw, 1024px\" \/><\/a><\/figure>\n\n\n\n<h2 class=\"wp-block-heading\" id=\"o-nas\">O nas:<\/h2>\n\n\n\n<p>29 Pg DH &#8222;OMAN&#8221; jest koedukacyjn\u0105 dru\u017cyn\u0105 harcersk\u0105, nale\u017c\u0105c\u0105 do Zwi\u0105zku Dru\u017cyn Harcerskich &#8222;BRACTWO&#8221;, przy Hufcu ZHP Krak\u00f3w &#8211; Podg\u00f3rze. Dru\u017cyna dzia\u0142a przy Szkole Podstawowej nr 110 (ul. Skwerowa 3), Szkole Podstawowej nr 30 (ul. Konfederacka&nbsp;12) oraz Szkole Podstawowej nr 26 (ul. Krasickiego 34) i zrzesza harcerzy i harcerki z klas 4-6.<\/p>\n\n\n\n<h3 class=\"wp-block-heading\">Formularz zapisu<\/h3>\n\n\n\n<p>Formularz nale\u017cy wype\u0142ni\u0107 po udziale w pierwszej zbi\u00f3rce i decyzji o zapisie!<\/p>\n\n\n\n<div class=\"wp-block-buttons is-layout-flex wp-block-buttons-is-layout-flex\">\n<div class=\"wp-block-button\"><a class=\"wp-block-button__link has-base-color has-text-color has-link-color wp-element-button\" href=\"https:\/\/forms.office.com\/e\/S1mr6XtdLj\">Formularz<\/a><\/div>\n<\/div>\n\n\n\n<h2 class=\"wp-block-heading\">Harmonogram zbi\u00f3rek<\/h2>\n\n\n\n<figure class=\"wp-block-table\"><table class=\"has-fixed-layout\"><tbody><tr><td><strong>Data<\/strong><\/td><td><strong>Miejsce<\/strong><\/td><td><strong>Wydarzenie<\/strong><\/td><\/tr><tr><td>23 wrze\u015bnia, 18:00<\/td><td>Pod balonem na bulwarach<\/td><td>Zbi\u00f3rka dru\u017cyny<\/td><\/tr><tr><td>28 wrze\u015bnia, 10:00<\/td><td>Harcerska Stanica \u017beglarska nad Zalewem Bagry<\/td><td>Zbi\u00f3rka z 529 PgDHS &#8222;Fuzja&#8221; i 5 PgDH &#8222;Eastwick&#8221;<\/td><\/tr><tr><td>30 wrze\u015bnia, 18:00<\/td><td>Pod balonem na bulwarach<\/td><td>Zbi\u00f3rka dru\u017cyny<\/td><\/tr><tr><td>7 pa\u017adziernika, 18:00<\/td><td>Pod balonem na bulwarach<\/td><td>Zbi\u00f3rka dru\u017cyny<\/td><\/tr><tr><td>14 pa\u017adziernika, 18:00<\/td><td>Pod balonem na bulwarach<\/td><td>Zbi\u00f3rka dru\u017cyny<\/td><\/tr><tr><td>17-19 pa\u017adziernika<\/td><td>Krak\u00f3w<\/td><td>Rajd Urodzinowy ZDH &#8222;Bractwo&#8221;<\/td><\/tr><tr><td>21 pa\u017adziernika, 18:00<\/td><td>SP26<\/td><td>Zbi\u00f3rka dru\u017cyny<\/td><\/tr><tr><td>28 pa\u017adziernika, 18:00<\/td><td>SP26<\/td><td>Zbi\u00f3rka dru\u017cyny<\/td><\/tr><tr><td>1 listopada<\/td><td>Cmentarz Salwatorski<\/td><td>Akcja Chor\u0105giewka<br>Akcja Znicz<\/td><\/tr><tr><td>4 listopada, 18:00<\/td><td>SP26<\/td><td>Zbi\u00f3rka dru\u017cyny<\/td><\/tr><tr><td>18 listopada, 18:00<\/td><td>SP26<\/td><td>Zbi\u00f3rka dru\u017cyny<\/td><\/tr><tr><td>25 listopada: 18:00<\/td><td>SP26<\/td><td>Zbi\u00f3rki w zast\u0119pach<\/td><\/tr><tr><td>27 listopada, 17:30<\/td><td>SP29<\/td><td>Zbi\u00f3rka Andrzejkowa ZDH &#8222;Bractwo&#8221;<\/td><\/tr><tr><td>30 listopada, 9:30<\/td><td>Miejsce zostanie podane wkr\u00f3tce.<\/td><td>Wyj\u015bcie dru\u017cyny<\/td><\/tr><tr><td>2 grudnia, 18:00<\/td><td>SP26<\/td><td>Zbi\u00f3rki w zast\u0119pach<\/td><\/tr><tr><td>7 grudnia, 14:50<\/td><td>Plac Niepodleg\u0142o\u015bci<\/td><td>Wyj\u015bcie na przekazanie Betlejemskiego \u015awiat\u0142a Pokoju na Wawelu<\/td><\/tr><tr><td>9 grudnia, 17:00<\/td><td>SP26<\/td><td>Wigilia ZDH &#8222;Bractwo&#8221;<\/td><\/tr><tr><td>14 grudnia<\/td><td>Przekazanie w Ko\u015bciele parafialnym pw. \u015bw. Stanis\u0142awa Kostki (9:30)<br>Przekazanie w Rektoracie (11:30)<\/td><td>Przekazanie Betlejemskiego \u015awiat\u0142a Pokoju na D\u0119bnikach<\/td><\/tr><tr><td>16 grudnia, 18:00<\/td><td>Ko\u015bci\u00f3\u0142 Redemptoryst\u00f3w <\/td><td>Przekazanie Betlejemskiego \u015awiat\u0142a Pokoju w Podg\u00f3rzu<\/td><\/tr><tr><td><\/td><td><\/td><td><\/td><\/tr><tr><td><\/td><td><\/td><td><\/td><\/tr><\/tbody><\/table><\/figure>\n\n\n\n<h3 class=\"wp-block-heading\"><\/h3>\n\n\n\n<h2 class=\"wp-block-heading\">Pliki dru\u017cyny<\/h2>\n\n\n\n<div class=\"wp-block-file\"><a id=\"wp-block-file--media-f74f2363-64f3-408d-a454-a832e7040c69\" href=\"http:\/\/www.bractwo.krakowpodgorze.zhp.pl\/wp-content\/uploads\/2019\/09\/Legenda-o-Wizunie.pdf\">Legenda o Wizunie<\/a><a href=\"http:\/\/www.bractwo.krakowpodgorze.zhp.pl\/wp-content\/uploads\/2019\/09\/Legenda-o-Wizunie.pdf\" class=\"wp-block-file__button wp-element-button\" download aria-describedby=\"wp-block-file--media-f74f2363-64f3-408d-a454-a832e7040c69\">Pobierz<\/a><\/div>\n\n\n\n<h2 class=\"wp-block-heading\">Punktacja indywidualna<\/h2>\n\n\n\n<h3 class=\"wp-block-heading\">Punktacja zbi\u00f3rek:<\/h3>\n\n\n\n<ul class=\"wp-block-list\">\n<li>1 &#8211; obecno\u015b\u0107<\/li>\n\n\n\n<li>1 &#8211; zachowanie<\/li>\n\n\n\n<li>1 &#8211; osi\u0105gni\u0119cia<\/li>\n\n\n\n<li>1 &#8211; mundur<\/li>\n\n\n\n<li>1 &#8211; punktualno\u015b\u0107<\/li>\n<\/ul>\n\n\n\n<h3 class=\"wp-block-heading\">Za co mo\u017cna dosta\u0107 punkty?<\/h3>\n\n\n\n<ul class=\"wp-block-list\">\n<li>Zbi\u00f3rka dru\u017cyny &#8211; 5 pkt<\/li>\n\n\n\n<li>D\u0142u\u017csza zbi\u00f3rka\/wyj\u015bcie\/akcja\/pomoc do 10 pkt<\/li>\n\n\n\n<li>Przygotowanie kartki do kroniki &#8211; 2 pkt<\/li>\n\n\n\n<li>Biwak do 15 pkt<\/li>\n\n\n\n<li>Sprawno\u015b\u0107\n<ul class=\"wp-block-list\">\n<li>* 3 pkt<\/li>\n\n\n\n<li>** 5 pkt<\/li>\n\n\n\n<li>*** 8 pkt<\/li>\n\n\n\n<li>**** 10 pkt<\/li>\n<\/ul>\n<\/li>\n\n\n\n<li>Pr\u00f3ba Harcerza 8 pkt<\/li>\n\n\n\n<li>Stopie\u0144 15 pkt<\/li>\n\n\n\n<li>Wyzwanie 3 pkt<\/li>\n<\/ul>\n\n\n\n<p><\/p>\n","protected":false},"excerpt":{"rendered":"<p>Kadra Dru\u017cynowy: phm. Maciej Kurek &#8211; maciej.kurek@zhp.pl, +48 515 487 002Przyboczny: dh. Jan Pipa\u0142a &#8211; jan.pipala@zhp.plPrzyboczna: dh. Julia Aleksandrowicz &#8211; julia.aleksandrowicz@zhp.pl O nas: 29 Pg DH &#8222;OMAN&#8221; jest koedukacyjn\u0105 dru\u017cyn\u0105 harcersk\u0105, nale\u017c\u0105c\u0105 do Zwi\u0105zku Dru\u017cyn Harcerskich &#8222;BRACTWO&#8221;, przy Hufcu ZHP Krak\u00f3w &#8211; Podg\u00f3rze. Dru\u017cyna dzia\u0142a przy Szkole Podstawowej nr 110 (ul. Skwerowa 3), Szkole Podstawowej [&hellip;]<\/p>\n","protected":false},"author":1,"featured_media":812,"parent":16,"menu_order":0,"comment_status":"closed","ping_status":"closed","template":"","meta":{"footnotes":""},"class_list":["post-578","page","type-page","status-publish","has-post-thumbnail","hentry"],"_links":{"self":[{"href":"https:\/\/www.bractwo.krakowpodgorze.zhp.pl\/index.php\/wp-json\/wp\/v2\/pages\/578","targetHints":{"allow":["GET"]}}],"collection":[{"href":"https:\/\/www.bractwo.krakowpodgorze.zhp.pl\/index.php\/wp-json\/wp\/v2\/pages"}],"about":[{"href":"https:\/\/www.bractwo.krakowpodgorze.zhp.pl\/index.php\/wp-json\/wp\/v2\/types\/page"}],"author":[{"embeddable":true,"href":"https:\/\/www.bractwo.krakowpodgorze.zhp.pl\/index.php\/wp-json\/wp\/v2\/users\/1"}],"replies":[{"embeddable":true,"href":"https:\/\/www.bractwo.krakowpodgorze.zhp.pl\/index.php\/wp-json\/wp\/v2\/comments?post=578"}],"version-history":[{"count":106,"href":"https:\/\/www.bractwo.krakowpodgorze.zhp.pl\/index.php\/wp-json\/wp\/v2\/pages\/578\/revisions"}],"predecessor-version":[{"id":1913,"href":"https:\/\/www.bractwo.krakowpodgorze.zhp.pl\/index.php\/wp-json\/wp\/v2\/pages\/578\/revisions\/1913"}],"up":[{"embeddable":true,"href":"https:\/\/www.bractwo.krakowpodgorze.zhp.pl\/index.php\/wp-json\/wp\/v2\/pages\/16"}],"wp:featuredmedia":[{"embeddable":true,"href":"https:\/\/www.bractwo.krakowpodgorze.zhp.pl\/index.php\/wp-json\/wp\/v2\/media\/812"}],"wp:attachment":[{"href":"https:\/\/www.bractwo.krakowpodgorze.zhp.pl\/index.php\/wp-json\/wp\/v2\/media?parent=578"}],"curies":[{"name":"wp","href":"https:\/\/api.w.org\/{rel}","templated":true}]}}