{"id":65,"date":"2015-04-18T22:21:38","date_gmt":"2015-04-18T20:21:38","guid":{"rendered":"http:\/\/localhost\/wordpress\/?page_id=65"},"modified":"2025-07-31T10:19:06","modified_gmt":"2025-07-31T08:19:06","slug":"kapitula-stopni-wedrowniczych","status":"publish","type":"page","link":"https:\/\/www.bractwo.krakowpodgorze.zhp.pl\/index.php\/kapitula-stopni-wedrowniczych\/","title":{"rendered":"Kapitu\u0142a Stopni W\u0119drowniczych"},"content":{"rendered":"\n<h2 class=\"wp-block-heading\"><strong>Sk\u0142ad Kapitu\u0142y:<\/strong><\/h2>\n\n\n\n<ul class=\"wp-block-list\">\n<li><strong>Przewodnicz\u0105ca:&nbsp;phm. Julia Dragan (HR)<\/strong><\/li>\n\n\n\n<li><strong>Sekretarz:&nbsp; phm. Maciej Kurek (HR)<\/strong><\/li>\n\n\n\n<li>Cz\u0142onek Kapitu\u0142y: phm. Dorota \u0141esyk (HR)<\/li>\n\n\n\n<li>Cz\u0142onek Kapitu\u0142y: phm. Jacek Kulig (HR)<\/li>\n\n\n\n<li>Cz\u0142onek Kapitu\u0142y:&nbsp;hm. Micha\u0142 \u0141esyk (HR)<\/li>\n\n\n\n<li>Cz\u0142onek Kapitu\u0142y:&nbsp;phm. Kamil \u0141apa (HO)<\/li>\n\n\n\n<li>Cz\u0142onek Kapitu\u0142y: phm. Katarzyna Kura\u015b (HO)<\/li>\n\n\n\n<li>Cz\u0142onek Kapitu\u0142y: pwd. Krzysztof Kania (HO)<\/li>\n\n\n\n<li>Cz\u0142onek Kapitu\u0142y: pwd. Klaudia Krawcewicz (HO)<\/li>\n\n\n\n<li>Cz\u0142onek Kapitu\u0142y: pwd. Wojciech Kamie\u0144ski (HO)<\/li>\n\n\n\n<li>Cz\u0142onek Kapitu\u0142y: pwd. Marta Kulig (HO)<\/li>\n\n\n\n<li>Cz\u0142onek Kapitu\u0142y: pwd. Wiktor Baran (HO)<\/li>\n<\/ul>\n\n\n\n<h2 class=\"wp-block-heading\"><strong><strong>Terminy Spotka\u0144:<\/strong><\/strong><\/h2>\n\n\n\n<p>Spotkanie Kapitu\u0142y Stopni W\u0119drowniczej odbywa si\u0119 po wp\u0142yni\u0119ciu wniosku.<\/p>\n\n\n\n<p>Aby przyj\u015b\u0107 na spotkanie Kapitu\u0142y nale\u017cy wys\u0142a\u0107 maila z wnioskiem o otwarcie lub zamkni\u0119cie pr\u00f3by na adres <a rel=\"noreferrer noopener\" href=\"maciek.kurek@zhp.pl\" data-type=\"URL\" data-id=\"maciek.kurek@zhp.pl\" target=\"_blank\">maciej.kurek@zhp.pl<\/a>&nbsp;(z tytu\u0142em wiadomo\u015bci &#8222;KSW&#8221;).<br>Po zapoznaniu si\u0119 z wnioskiem przewodnicz\u0105ca KSW wyznaczy termin spotkania.<\/p>\n\n\n\n<h2 class=\"wp-block-heading\"><strong>Pliki do pobrania:<\/strong><\/h2>\n\n\n\n<div class=\"wp-block-file\"><a id=\"wp-block-file--media-9a47a75d-a083-4a4e-85a6-c431131950c0\" href=\"http:\/\/www.bractwo.krakowpodgorze.zhp.pl\/wp-content\/uploads\/2019\/09\/regulamin.doc\">Regulamin<\/a><a href=\"http:\/\/www.bractwo.krakowpodgorze.zhp.pl\/wp-content\/uploads\/2019\/09\/regulamin.doc\" class=\"wp-block-file__button wp-element-button\" download aria-describedby=\"wp-block-file--media-9a47a75d-a083-4a4e-85a6-c431131950c0\">Pobierz<\/a><\/div>\n","protected":false},"excerpt":{"rendered":"<p>Sk\u0142ad Kapitu\u0142y: Terminy Spotka\u0144: Spotkanie Kapitu\u0142y Stopni W\u0119drowniczej odbywa si\u0119 po wp\u0142yni\u0119ciu wniosku. Aby przyj\u015b\u0107 na spotkanie Kapitu\u0142y nale\u017cy wys\u0142a\u0107 maila z wnioskiem o otwarcie lub zamkni\u0119cie pr\u00f3by na adres maciej.kurek@zhp.pl&nbsp;(z tytu\u0142em wiadomo\u015bci &#8222;KSW&#8221;).Po zapoznaniu si\u0119 z wnioskiem przewodnicz\u0105ca KSW wyznaczy termin spotkania. Pliki do pobrania:<\/p>\n","protected":false},"author":1,"featured_media":410,"parent":0,"menu_order":0,"comment_status":"closed","ping_status":"open","template":"","meta":{"footnotes":""},"class_list":["post-65","page","type-page","status-publish","has-post-thumbnail","hentry"],"_links":{"self":[{"href":"https:\/\/www.bractwo.krakowpodgorze.zhp.pl\/index.php\/wp-json\/wp\/v2\/pages\/65","targetHints":{"allow":["GET"]}}],"collection":[{"href":"https:\/\/www.bractwo.krakowpodgorze.zhp.pl\/index.php\/wp-json\/wp\/v2\/pages"}],"about":[{"href":"https:\/\/www.bractwo.krakowpodgorze.zhp.pl\/index.php\/wp-json\/wp\/v2\/types\/page"}],"author":[{"embeddable":true,"href":"https:\/\/www.bractwo.krakowpodgorze.zhp.pl\/index.php\/wp-json\/wp\/v2\/users\/1"}],"replies":[{"embeddable":true,"href":"https:\/\/www.bractwo.krakowpodgorze.zhp.pl\/index.php\/wp-json\/wp\/v2\/comments?post=65"}],"version-history":[{"count":9,"href":"https:\/\/www.bractwo.krakowpodgorze.zhp.pl\/index.php\/wp-json\/wp\/v2\/pages\/65\/revisions"}],"predecessor-version":[{"id":1810,"href":"https:\/\/www.bractwo.krakowpodgorze.zhp.pl\/index.php\/wp-json\/wp\/v2\/pages\/65\/revisions\/1810"}],"wp:featuredmedia":[{"embeddable":true,"href":"https:\/\/www.bractwo.krakowpodgorze.zhp.pl\/index.php\/wp-json\/wp\/v2\/media\/410"}],"wp:attachment":[{"href":"https:\/\/www.bractwo.krakowpodgorze.zhp.pl\/index.php\/wp-json\/wp\/v2\/media?parent=65"}],"curies":[{"name":"wp","href":"https:\/\/api.w.org\/{rel}","templated":true}]}}