{"id":67,"date":"2015-04-18T22:27:48","date_gmt":"2015-04-18T20:27:48","guid":{"rendered":"http:\/\/localhost\/wordpress\/?page_id=67"},"modified":"2019-09-06T11:00:00","modified_gmt":"2019-09-06T09:00:00","slug":"kontakt","status":"publish","type":"page","link":"https:\/\/www.bractwo.krakowpodgorze.zhp.pl\/index.php\/o-zdh-bractwo\/kontakt\/","title":{"rendered":"Kontakt"},"content":{"rendered":"<h2 style=\"text-align: center;\">Adres korespondencyjny:<\/h2>\n<p><center>Zwi\u0105zek 5-tych i 29-tych Dru\u017cyn Harcerskich &#8222;BRACTWO&#8221;<br \/>\nal. Dembowskiego 12,<br \/>\n30-540 Krak\u00f3w<\/center><\/p>\n<h2 style=\"text-align: center;\">Adres E-Mail:<\/h2>\n<p style=\"text-align: center;\">bractwo@zhp.net.pl<\/p>\n","protected":false},"excerpt":{"rendered":"<p>Adres korespondencyjny: Zwi\u0105zek 5-tych i 29-tych Dru\u017cyn Harcerskich &#8222;BRACTWO&#8221; al. Dembowskiego 12, 30-540 Krak\u00f3w Adres E-Mail: bractwo@zhp.net.pl<\/p>\n","protected":false},"author":1,"featured_media":418,"parent":62,"menu_order":0,"comment_status":"closed","ping_status":"open","template":"","meta":{"footnotes":""},"class_list":["post-67","page","type-page","status-publish","has-post-thumbnail","hentry"],"_links":{"self":[{"href":"https:\/\/www.bractwo.krakowpodgorze.zhp.pl\/index.php\/wp-json\/wp\/v2\/pages\/67","targetHints":{"allow":["GET"]}}],"collection":[{"href":"https:\/\/www.bractwo.krakowpodgorze.zhp.pl\/index.php\/wp-json\/wp\/v2\/pages"}],"about":[{"href":"https:\/\/www.bractwo.krakowpodgorze.zhp.pl\/index.php\/wp-json\/wp\/v2\/types\/page"}],"author":[{"embeddable":true,"href":"https:\/\/www.bractwo.krakowpodgorze.zhp.pl\/index.php\/wp-json\/wp\/v2\/users\/1"}],"replies":[{"embeddable":true,"href":"https:\/\/www.bractwo.krakowpodgorze.zhp.pl\/index.php\/wp-json\/wp\/v2\/comments?post=67"}],"version-history":[{"count":4,"href":"https:\/\/www.bractwo.krakowpodgorze.zhp.pl\/index.php\/wp-json\/wp\/v2\/pages\/67\/revisions"}],"predecessor-version":[{"id":1029,"href":"https:\/\/www.bractwo.krakowpodgorze.zhp.pl\/index.php\/wp-json\/wp\/v2\/pages\/67\/revisions\/1029"}],"up":[{"embeddable":true,"href":"https:\/\/www.bractwo.krakowpodgorze.zhp.pl\/index.php\/wp-json\/wp\/v2\/pages\/62"}],"wp:featuredmedia":[{"embeddable":true,"href":"https:\/\/www.bractwo.krakowpodgorze.zhp.pl\/index.php\/wp-json\/wp\/v2\/media\/418"}],"wp:attachment":[{"href":"https:\/\/www.bractwo.krakowpodgorze.zhp.pl\/index.php\/wp-json\/wp\/v2\/media?parent=67"}],"curies":[{"name":"wp","href":"https:\/\/api.w.org\/{rel}","templated":true}]}}