{"id":909,"date":"2019-01-30T22:04:10","date_gmt":"2019-01-30T21:04:10","guid":{"rendered":"http:\/\/www.bractwo.krakowpodgorze.zhp.pl\/?page_id=909"},"modified":"2023-10-29T01:55:53","modified_gmt":"2023-10-28T23:55:53","slug":"sprawnosci-harcerskie","status":"publish","type":"page","link":"https:\/\/www.bractwo.krakowpodgorze.zhp.pl\/index.php\/sprawnosci-harcerskie\/","title":{"rendered":"Sprawno\u015bci harcerskie"},"content":{"rendered":"\n<blockquote class=\"wp-block-quote is-layout-flow wp-block-quote-is-layout-flow\">\n<p>Harcerka bez sprawno\u015bci mo\u017ce du\u017co i dobrze chce, ale ma\u0142o i \u017ale mo\u017ce.<\/p>\n<cite>Jadwiga Falkowska<\/cite><\/blockquote>\n\n\n\n<h2 class=\"wp-block-heading\">O sprawno\u015bciach<\/h2>\n\n\n\n<p>Sprawno\u015b\u0107 jest zdobyt\u0105 umiej\u0119tno\u015bci\u0105. Pr\u00f3by na sprawno\u015b\u0107 otwiera i zamyka lub przyznaje sprawno\u015b\u0107 (je\u015bli kto\u015b posiada ju\u017c bieg\u0142o\u015b\u0107 w wymaganej dziedzinie) dru\u017cynowy lub komendant (np. obozu, podobozu, zimowiska).<\/p>\n\n\n\n<p class=\"has-medium-font-size\">Sprawno\u015bci wyst\u0119puj\u0105 w czterech poziomach:<\/p>\n\n\n\n<ul class=\"wp-block-list\">\n<li>jednogwiazdkowe (*) z obw\u00f3dk\u0105 w kolorze granatowym<\/li>\n\n\n\n<li>dwugwiazdkowe (**) z obw\u00f3dk\u0105 w kolorze zielonym<\/li>\n\n\n\n<li>trzygwiazdkowe (***) z obw\u00f3dk\u0105 w kolorze czerwonym<\/li>\n\n\n\n<li>czterogwiazdkowe (****) z obw\u00f3dk\u0105 w kolorze czarnym<\/li>\n<\/ul>\n\n\n\n<p class=\"has-medium-font-size\">Odpowiednie poziomy s\u0105 przypisane do wieku:<\/p>\n\n\n\n<ul class=\"wp-block-list\">\n<li>harcerze realizuj\u0105 sprawno\u015bci jedno i dwugwiazdkowe<\/li>\n\n\n\n<li>harcerze starsi realizuj\u0105 sprawno\u015bci trzygwiazdkowe<\/li>\n\n\n\n<li>w\u0119drownicy realizuj\u0105 sprawno\u015bci czterogwiazdkowe<\/li>\n<\/ul>\n\n\n\n<h2 class=\"wp-block-heading\">Karty sprawno\u015bci<\/h2>\n\n\n\n<p><a href=\"https:\/\/sim.zhp.pl\/merit-badge\/list\/scouts\">https:\/\/sim.zhp.pl\/merit-badge\/list\/scouts<\/a><\/p>\n\n\n\n<h3 class=\"wp-block-heading\">Dysk z kartami sprawno\u015bci<\/h3>\n\n\n\n<p><a href=\"https:\/\/1drv.ms\/u\/s!AqmiAj9fhqjwoU7I78DLkczfQD6n?e=fkg7Ho\">https:\/\/1drv.ms\/u\/s!AqmiAj9fhqjwoU7I78DLkczfQD6n?e=fkg7Ho<\/a><\/p>\n","protected":false},"excerpt":{"rendered":"<p>Harcerka bez sprawno\u015bci mo\u017ce du\u017co i dobrze chce, ale ma\u0142o i \u017ale mo\u017ce. Jadwiga Falkowska O sprawno\u015bciach Sprawno\u015b\u0107 jest zdobyt\u0105 umiej\u0119tno\u015bci\u0105. Pr\u00f3by na sprawno\u015b\u0107 otwiera i zamyka lub przyznaje sprawno\u015b\u0107 (je\u015bli kto\u015b posiada ju\u017c bieg\u0142o\u015b\u0107 w wymaganej dziedzinie) dru\u017cynowy lub komendant (np. obozu, podobozu, zimowiska). Sprawno\u015bci wyst\u0119puj\u0105 w czterech poziomach: Odpowiednie poziomy s\u0105 przypisane do [&hellip;]<\/p>\n","protected":false},"author":1,"featured_media":0,"parent":0,"menu_order":0,"comment_status":"closed","ping_status":"closed","template":"","meta":{"footnotes":""},"class_list":["post-909","page","type-page","status-publish","hentry"],"_links":{"self":[{"href":"https:\/\/www.bractwo.krakowpodgorze.zhp.pl\/index.php\/wp-json\/wp\/v2\/pages\/909","targetHints":{"allow":["GET"]}}],"collection":[{"href":"https:\/\/www.bractwo.krakowpodgorze.zhp.pl\/index.php\/wp-json\/wp\/v2\/pages"}],"about":[{"href":"https:\/\/www.bractwo.krakowpodgorze.zhp.pl\/index.php\/wp-json\/wp\/v2\/types\/page"}],"author":[{"embeddable":true,"href":"https:\/\/www.bractwo.krakowpodgorze.zhp.pl\/index.php\/wp-json\/wp\/v2\/users\/1"}],"replies":[{"embeddable":true,"href":"https:\/\/www.bractwo.krakowpodgorze.zhp.pl\/index.php\/wp-json\/wp\/v2\/comments?post=909"}],"version-history":[{"count":7,"href":"https:\/\/www.bractwo.krakowpodgorze.zhp.pl\/index.php\/wp-json\/wp\/v2\/pages\/909\/revisions"}],"predecessor-version":[{"id":1538,"href":"https:\/\/www.bractwo.krakowpodgorze.zhp.pl\/index.php\/wp-json\/wp\/v2\/pages\/909\/revisions\/1538"}],"wp:attachment":[{"href":"https:\/\/www.bractwo.krakowpodgorze.zhp.pl\/index.php\/wp-json\/wp\/v2\/media?parent=909"}],"curies":[{"name":"wp","href":"https:\/\/api.w.org\/{rel}","templated":true}]}}